{"id":835,"date":"2022-03-31T07:26:04","date_gmt":"2022-03-31T07:26:04","guid":{"rendered":"https:\/\/project-restart.eu\/?page_id=835"},"modified":"2024-02-23T09:54:22","modified_gmt":"2024-02-23T09:54:22","slug":"project-pl","status":"publish","type":"page","link":"https:\/\/project-restart.eu\/index.php\/pl\/project-pl\/","title":{"rendered":"Projekt"},"content":{"rendered":"\t\t<div data-elementor-type=\"wp-page\" data-elementor-id=\"835\" class=\"elementor elementor-835\">\n\t\t\t\t\t\t<section class=\"elementor-section elementor-top-section elementor-element elementor-element-597fbd3 elementor-section-boxed elementor-section-height-default elementor-section-height-default\" data-id=\"597fbd3\" data-element_type=\"section\" data-e-type=\"section\" data-settings=\"{&quot;background_background&quot;:&quot;classic&quot;}\">\n\t\t\t\t\t\t\t<div class=\"elementor-background-overlay\"><\/div>\n\t\t\t\t\t\t\t<div class=\"elementor-container elementor-column-gap-default\">\n\t\t\t\t\t<div class=\"elementor-column elementor-col-100 elementor-top-column elementor-element elementor-element-c1b1e12\" data-id=\"c1b1e12\" data-element_type=\"column\" data-e-type=\"column\">\n\t\t\t<div class=\"elementor-widget-wrap elementor-element-populated\">\n\t\t\t\t\t\t<div class=\"elementor-element elementor-element-a77b183 elementor-widget elementor-widget-spacer\" data-id=\"a77b183\" data-element_type=\"widget\" data-e-type=\"widget\" data-widget_type=\"spacer.default\">\n\t\t\t\t<div class=\"elementor-widget-container\">\n\t\t\t\t\t\t\t<div class=\"elementor-spacer\">\n\t\t\t<div class=\"elementor-spacer-inner\"><\/div>\n\t\t<\/div>\n\t\t\t\t\t\t<\/div>\n\t\t\t\t<\/div>\n\t\t\t\t<div class=\"elementor-element elementor-element-6e5ad2f elementor-widget elementor-widget-heading\" data-id=\"6e5ad2f\" data-element_type=\"widget\" data-e-type=\"widget\" data-widget_type=\"heading.default\">\n\t\t\t\t<div class=\"elementor-widget-container\">\n\t\t\t\t\t<h2 class=\"elementor-heading-title elementor-size-default\">Projekt<\/h2>\t\t\t\t<\/div>\n\t\t\t\t<\/div>\n\t\t\t\t<div class=\"elementor-element elementor-element-d0f4c0c elementor-widget elementor-widget-spacer\" data-id=\"d0f4c0c\" data-element_type=\"widget\" data-e-type=\"widget\" data-widget_type=\"spacer.default\">\n\t\t\t\t<div class=\"elementor-widget-container\">\n\t\t\t\t\t\t\t<div class=\"elementor-spacer\">\n\t\t\t<div class=\"elementor-spacer-inner\"><\/div>\n\t\t<\/div>\n\t\t\t\t\t\t<\/div>\n\t\t\t\t<\/div>\n\t\t\t\t<div class=\"elementor-element elementor-element-16467bf elementor-widget elementor-widget-heading\" data-id=\"16467bf\" data-element_type=\"widget\" data-e-type=\"widget\" data-widget_type=\"heading.default\">\n\t\t\t\t<div class=\"elementor-widget-container\">\n\t\t\t\t\t<h3 class=\"elementor-heading-title elementor-size-default\">Opis Projektu\n<\/h3>\t\t\t\t<\/div>\n\t\t\t\t<\/div>\n\t\t\t\t<div class=\"elementor-element elementor-element-897ec4b elementor-widget elementor-widget-spacer\" data-id=\"897ec4b\" data-element_type=\"widget\" data-e-type=\"widget\" data-widget_type=\"spacer.default\">\n\t\t\t\t<div class=\"elementor-widget-container\">\n\t\t\t\t\t\t\t<div class=\"elementor-spacer\">\n\t\t\t<div class=\"elementor-spacer-inner\"><\/div>\n\t\t<\/div>\n\t\t\t\t\t\t<\/div>\n\t\t\t\t<\/div>\n\t\t\t\t<div class=\"elementor-element elementor-element-0c62163 elementor-widget elementor-widget-text-editor\" data-id=\"0c62163\" data-element_type=\"widget\" data-e-type=\"widget\" data-widget_type=\"text-editor.default\">\n\t\t\t\t<div class=\"elementor-widget-container\">\n\t\t\t\t\t\t\t\t\t<p>Zgodnie z nowym unijnym planem dzia\u0142a\u0144 na rzecz gospodarki cyrkularnej (2020), w ci\u0105gu ostatniej dekady miliony ton odpad\u00f3w z Europy zosta\u0142y wywiezione do kraj\u00f3w spoza UE, cz\u0119sto bez odpowiedniego uwzgl\u0119dnienia kwestii w\u0142a\u015bciwego przetwarzania odpad\u00f3w. W wielu przypadkach eksport odpad\u00f3w skutkuje zar\u00f3wno negatywnym wp\u0142ywem na \u015brodowisko i zdrowie, jak i utrat\u0105 zasob\u00f3w i mo\u017cliwo\u015bci ekonomicznych dla przemys\u0142u recyklingowego w UE. Takie podej\u015bcie sprzyja realizacji modelu liniowego, kt\u00f3ry wyczerpuje nasz\u0105 planet\u0119 i zanieczyszcza \u015brodowisko. Dlatego te\u017c priorytetem horyzontalnym projektu RE-START jest wspieranie student\u00f3w uczelni wy\u017cszych w nabywaniu i rozwijaniu niezb\u0119dnych umiej\u0119tno\u015bci i kluczowych kompetencji w celu przyj\u0119cia podej\u015bcia przyjaznego dla \u015brodowiska podczas pr\u00f3b za\u0142o\u017cenia firmy. <br \/>Projekt ten polega na przej\u015bciu do zr\u00f3wnowa\u017conego systemu gospodarczego, kt\u00f3ry jest niezb\u0119dnym elementem nowej strategii przemys\u0142owej UE. Projekt RE-START zach\u0119ca i ukierunkowuje student\u00f3w uczelni wy\u017cszych, aby stworzyli cyrkularny start-up lub przekszta\u0142cili sw\u00f3j pomys\u0142 na biznes w cyrkularny zgodnie z definicj\u0105 cyrkularnych start-up\u00f3w, kt\u00f3ra charakteryzuje je jako modele biznesowe oparte na wdra\u017caniu co najmniej jednej ze strategii Circular Economy (CE): Reduce, Reuse, Recycle, Recover and Regenerate.&#8221;RE-START ma na celu opracowanie programu szkoleniowego w zakresie przedsi\u0119biorczo\u015bci cyrkularnej, kt\u00f3ry wzmocni przedsi\u0119biorcze nastawienie uwzgl\u0119dniaj\u0105ce zasady i kompetencje gospodarki cyrkularnej w\u015br\u00f3d student\u00f3w uczelni wy\u017cszych, dostarczy im rzeczywistych przyk\u0142ad\u00f3w udanych i zach\u0119ca ich do wspierania i komercjalizacji ich projektu.<\/p>\t\t\t\t\t\t\t\t<\/div>\n\t\t\t\t<\/div>\n\t\t\t\t<div class=\"elementor-element elementor-element-240778d elementor-widget-divider--view-line elementor-widget elementor-widget-divider\" data-id=\"240778d\" data-element_type=\"widget\" data-e-type=\"widget\" data-widget_type=\"divider.default\">\n\t\t\t\t<div class=\"elementor-widget-container\">\n\t\t\t\t\t\t\t<div class=\"elementor-divider\">\n\t\t\t<span class=\"elementor-divider-separator\">\n\t\t\t\t\t\t<\/span>\n\t\t<\/div>\n\t\t\t\t\t\t<\/div>\n\t\t\t\t<\/div>\n\t\t\t\t<div class=\"elementor-element elementor-element-35a1219 elementor-widget elementor-widget-heading\" data-id=\"35a1219\" data-element_type=\"widget\" data-e-type=\"widget\" data-widget_type=\"heading.default\">\n\t\t\t\t<div class=\"elementor-widget-container\">\n\t\t\t\t\t<h3 class=\"elementor-heading-title elementor-size-default\">Wp\u0142yw\n<\/h3>\t\t\t\t<\/div>\n\t\t\t\t<\/div>\n\t\t\t\t<div class=\"elementor-element elementor-element-92c8a3f elementor-widget elementor-widget-spacer\" data-id=\"92c8a3f\" data-element_type=\"widget\" data-e-type=\"widget\" data-widget_type=\"spacer.default\">\n\t\t\t\t<div class=\"elementor-widget-container\">\n\t\t\t\t\t\t\t<div class=\"elementor-spacer\">\n\t\t\t<div class=\"elementor-spacer-inner\"><\/div>\n\t\t<\/div>\n\t\t\t\t\t\t<\/div>\n\t\t\t\t<\/div>\n\t\t\t\t<div class=\"elementor-element elementor-element-74c69e8 elementor-widget elementor-widget-text-editor\" data-id=\"74c69e8\" data-element_type=\"widget\" data-e-type=\"widget\" data-widget_type=\"text-editor.default\">\n\t\t\t\t<div class=\"elementor-widget-container\">\n\t\t\t\t\t\t\t\t\t<p>Projekt RE-START b\u0119dzie mia\u0142 du\u017cy wp\u0142yw na grupy docelowe tj. studenci, nauczyciele akademiccy, trenerzy i przedsi\u0119biorcy. Studenci uczestnicz\u0105cy w projekcie zdob\u0119d\u0105 wiedz\u0119 z zakresu przedsi\u0119biorczo\u015bci poprzez pryzmat gospodarki cyrkularnej,<br \/>zwi\u0119ksz\u0105 swoje umiej\u0119tno\u015bci przekrojowe, uzyskaj\u0105 inspiracj\u0119 i porady od odnosz\u0105cych sukcesy przedsi\u0119biorc\u00f3w i mentor\u00f3w oraz do\u015bwiadcz\u0105 procesu od pomys\u0142u do cyrkularnego biznesplanu. Pomo\u017ce im to przezwyci\u0119\u017cy\u0107 strach przed pora\u017ck\u0105, radzi\u0107 sobie z ryzykiem i zwi\u0119kszy\u0107 szanse na zatrudnienie. Uczniowie stan\u0105 si\u0119 przedsi\u0119biorcami, kt\u00f3rzy b\u0119d\u0105 potrafili efektywnie wykorzystywa\u0107 materia\u0142y, tworz\u0105c wi\u0119ksz\u0105 warto\u015b\u0107, zar\u00f3wno poprzez oszcz\u0119dno\u015b\u0107 koszt\u00f3w, jak i poprzez rozwijanie nowych rynk\u00f3w lub powi\u0119kszanie istniej\u0105cych. G\u0142\u00f3wna grupa docelowa, kt\u00f3ra b\u0119dzie uczestniczy\u0107 we wszystkich dzia\u0142aniach w ramach projektu, uzyska dost\u0119p do inkubator\u00f3w przedsi\u0119biorczo\u015bci, o\u015brodk\u00f3w innowacji, profesjonalnych konsultant\u00f3w i ekspert\u00f3w biznesowych. Ponadto projekt ma na celu wspieranie uczni\u00f3w w rozwijaniu nowych przedsi\u0119wzi\u0119\u0107, ale tak\u017ce pokaza\u0107 im, jak skomercjalizowa\u0107 ich pomys\u0142y biznesowe i innowacyjne poprzez uruchomienie uniwersyteckiej firmy typu spin-off. Faktem jest, \u017ce uniwersytety jako instytucje zorganizowane niech\u0119tnie komercjalizuj\u0105 innowacyjne badania w celu w celu samodzielnego zak\u0142adania firm typu start-up lub spin-off. <br \/>Nauczyciele akademiccy i szkoleniowcy stan\u0105 si\u0119 bardziej kompetentni w nauczaniu o cyrkularnych modelach biznesowych oraz zaanga\u017cuj\u0105 si\u0119 w dzia\u0142ania, kt\u00f3re wzmacniaj\u0105 gospodark\u0119 cyrkularn\u0105. Lokalne startupy, przedsi\u0119biorcy, inwestorzy i inkubatory b\u0119d\u0105 w stanie odkrywa\u0107 nowe mo\u017cliwo\u015bci dzi\u0119ki wsp\u00f3\u0142pracy z aspiruj\u0105cymi studentami, kt\u00f3rzy maj\u0105 du\u017ce do\u015bwiadczenie w tworzeniu cyrkularnego modelu biznesowego, dzi\u0119ki czemu innowacyjne pomys\u0142y maj\u0105 wi\u0119ksze szanse na zaistnienie i przekszta\u0142cenie si\u0119 w dochodowe przedsi\u0119wzi\u0119cia.<\/p>\t\t\t\t\t\t\t\t<\/div>\n\t\t\t\t<\/div>\n\t\t\t\t<div class=\"elementor-element elementor-element-a4aa435 elementor-widget elementor-widget-spacer\" data-id=\"a4aa435\" data-element_type=\"widget\" data-e-type=\"widget\" data-widget_type=\"spacer.default\">\n\t\t\t\t<div class=\"elementor-widget-container\">\n\t\t\t\t\t\t\t<div class=\"elementor-spacer\">\n\t\t\t<div class=\"elementor-spacer-inner\"><\/div>\n\t\t<\/div>\n\t\t\t\t\t\t<\/div>\n\t\t\t\t<\/div>\n\t\t\t\t\t<\/div>\n\t\t<\/div>\n\t\t\t\t\t<\/div>\n\t\t<\/section>\n\t\t\t\t<section class=\"elementor-section elementor-top-section elementor-element elementor-element-ead2c0a elementor-section-boxed elementor-section-height-default elementor-section-height-default\" data-id=\"ead2c0a\" data-element_type=\"section\" data-e-type=\"section\" data-settings=\"{&quot;background_background&quot;:&quot;classic&quot;}\">\n\t\t\t\t\t\t<div class=\"elementor-container elementor-column-gap-default\">\n\t\t\t\t\t<div class=\"elementor-column elementor-col-33 elementor-top-column elementor-element elementor-element-65a0c64f\" data-id=\"65a0c64f\" data-element_type=\"column\" data-e-type=\"column\">\n\t\t\t<div class=\"elementor-widget-wrap elementor-element-populated\">\n\t\t\t\t\t\t<div class=\"elementor-element elementor-element-3b21d1c1 elementor-widget elementor-widget-spacer\" data-id=\"3b21d1c1\" data-element_type=\"widget\" data-e-type=\"widget\" data-widget_type=\"spacer.default\">\n\t\t\t\t<div class=\"elementor-widget-container\">\n\t\t\t\t\t\t\t<div class=\"elementor-spacer\">\n\t\t\t<div class=\"elementor-spacer-inner\"><\/div>\n\t\t<\/div>\n\t\t\t\t\t\t<\/div>\n\t\t\t\t<\/div>\n\t\t\t\t<div class=\"elementor-element elementor-element-6b6a947 elementor-widget elementor-widget-image\" data-id=\"6b6a947\" data-element_type=\"widget\" data-e-type=\"widget\" data-widget_type=\"image.default\">\n\t\t\t\t<div class=\"elementor-widget-container\">\n\t\t\t\t\t\t\t\t\t\t\t\t\t\t\t<img decoding=\"async\" width=\"300\" height=\"63\" src=\"https:\/\/project-restart.eu\/wp-content\/uploads\/2023\/04\/EN_Co-funded_by_the_EU-transparent-300x63.png\" class=\"attachment-medium size-medium wp-image-2131\" alt=\"\" srcset=\"https:\/\/project-restart.eu\/wp-content\/uploads\/2023\/04\/EN_Co-funded_by_the_EU-transparent-300x63.png 300w, https:\/\/project-restart.eu\/wp-content\/uploads\/2023\/04\/EN_Co-funded_by_the_EU-transparent-768x161.png 768w, https:\/\/project-restart.eu\/wp-content\/uploads\/2023\/04\/EN_Co-funded_by_the_EU-transparent-720x151.png 720w, https:\/\/project-restart.eu\/wp-content\/uploads\/2023\/04\/EN_Co-funded_by_the_EU-transparent.png 1024w\" sizes=\"(max-width: 300px) 100vw, 300px\" \/>\t\t\t\t\t\t\t\t\t\t\t\t\t\t\t<\/div>\n\t\t\t\t<\/div>\n\t\t\t\t<div class=\"elementor-element elementor-element-7d58e08 elementor-widget elementor-widget-text-editor\" data-id=\"7d58e08\" data-element_type=\"widget\" data-e-type=\"widget\" data-widget_type=\"text-editor.default\">\n\t\t\t\t<div class=\"elementor-widget-container\">\n\t\t\t\t\t\t\t\t\t<p>Sfinansowane ze \u015brodk\u00f3w UE. Wyra\u017cone pogl\u0105dy i opinie s\u0105 jedynie opiniami autora lub autor\u00f3w i niekoniecznie odzwierciedlaj\u0105 pogl\u0105dy i opinie Unii Europejskiej lub European Commission. Unia Europejska ani European Commission nie ponosz\u0105 za nie odpowiedzialno\u015bci. 2021-1-CY01-KA220-HED-000032155<\/p>\t\t\t\t\t\t\t\t<\/div>\n\t\t\t\t<\/div>\n\t\t\t\t\t<\/div>\n\t\t<\/div>\n\t\t\t\t<div class=\"elementor-column elementor-col-33 elementor-top-column elementor-element elementor-element-52d7a5d8\" data-id=\"52d7a5d8\" data-element_type=\"column\" data-e-type=\"column\">\n\t\t\t<div class=\"elementor-widget-wrap\">\n\t\t\t\t\t\t\t<\/div>\n\t\t<\/div>\n\t\t\t\t<div class=\"elementor-column elementor-col-33 elementor-top-column elementor-element elementor-element-39698e5c\" data-id=\"39698e5c\" data-element_type=\"column\" data-e-type=\"column\">\n\t\t\t<div class=\"elementor-widget-wrap elementor-element-populated\">\n\t\t\t\t\t\t<div class=\"elementor-element elementor-element-7135181b elementor-widget elementor-widget-spacer\" data-id=\"7135181b\" data-element_type=\"widget\" data-e-type=\"widget\" data-widget_type=\"spacer.default\">\n\t\t\t\t<div class=\"elementor-widget-container\">\n\t\t\t\t\t\t\t<div class=\"elementor-spacer\">\n\t\t\t<div class=\"elementor-spacer-inner\"><\/div>\n\t\t<\/div>\n\t\t\t\t\t\t<\/div>\n\t\t\t\t<\/div>\n\t\t\t\t<div class=\"elementor-element elementor-element-343f86f2 elementor-widget elementor-widget-image\" data-id=\"343f86f2\" data-element_type=\"widget\" data-e-type=\"widget\" data-widget_type=\"image.default\">\n\t\t\t\t<div class=\"elementor-widget-container\">\n\t\t\t\t\t\t\t\t\t\t\t\t\t\t\t\t<a href=\"http:\/\/project-restart.eu\/\">\n\t\t\t\t\t\t\t<img decoding=\"async\" src=\"https:\/\/project-restart.eu\/wp-content\/uploads\/elementor\/thumbs\/restart-logo-xxsmall-pkhy5rhrgfd0krzoc6mvap6e4z5397771jev2x1zvs.png\" title=\"restart logo xxsmall\" alt=\"restart logo xxsmall\" loading=\"lazy\" \/>\t\t\t\t\t\t\t\t<\/a>\n\t\t\t\t\t\t\t\t\t\t\t\t\t\t\t<\/div>\n\t\t\t\t<\/div>\n\t\t\t\t<div class=\"elementor-element elementor-element-19004d11 elementor-widget elementor-widget-text-editor\" data-id=\"19004d11\" data-element_type=\"widget\" data-e-type=\"widget\" data-widget_type=\"text-editor.default\">\n\t\t\t\t<div class=\"elementor-widget-container\">\n\t\t\t\t\t\t\t\t\t<a style=\"color: white;\" href=\"http:\/\/project-restart.eu\/index.php\/terms-of-use\/\" target=\"_blank\" rel=\"noopener\">Terms of Use<\/a>\t\t\t\t\t\t\t\t<\/div>\n\t\t\t\t<\/div>\n\t\t\t\t<div class=\"elementor-element elementor-element-6e627e5 elementor-shape-circle e-grid-align-right elementor-grid-0 elementor-widget elementor-widget-social-icons\" data-id=\"6e627e5\" data-element_type=\"widget\" data-e-type=\"widget\" data-widget_type=\"social-icons.default\">\n\t\t\t\t<div class=\"elementor-widget-container\">\n\t\t\t\t\t\t\t<div class=\"elementor-social-icons-wrapper elementor-grid\" role=\"list\">\n\t\t\t\t\t\t\t<span class=\"elementor-grid-item\" role=\"listitem\">\n\t\t\t\t\t<a class=\"elementor-icon elementor-social-icon elementor-social-icon-facebook elementor-animation-shrink elementor-repeater-item-2abba4d\" href=\"https:\/\/www.facebook.com\/restartprojecteu2\/\" target=\"_blank\">\n\t\t\t\t\t\t<span class=\"elementor-screen-only\">Facebook<\/span>\n\t\t\t\t\t\t<i aria-hidden=\"true\" class=\"fab fa-facebook\"><\/i>\t\t\t\t\t<\/a>\n\t\t\t\t<\/span>\n\t\t\t\t\t\t\t<span class=\"elementor-grid-item\" role=\"listitem\">\n\t\t\t\t\t<a class=\"elementor-icon elementor-social-icon elementor-social-icon-twitter elementor-animation-shrink elementor-repeater-item-d6da5c0\" href=\"https:\/\/twitter.com\/RESTARTPROJECT3\" target=\"_blank\">\n\t\t\t\t\t\t<span class=\"elementor-screen-only\">Twitter<\/span>\n\t\t\t\t\t\t<i aria-hidden=\"true\" class=\"fab fa-twitter\"><\/i>\t\t\t\t\t<\/a>\n\t\t\t\t<\/span>\n\t\t\t\t\t\t\t<span class=\"elementor-grid-item\" role=\"listitem\">\n\t\t\t\t\t<a class=\"elementor-icon elementor-social-icon elementor-social-icon-linkedin-in elementor-animation-shrink elementor-repeater-item-bfef515\" href=\"https:\/\/www.linkedin.com\/company\/82385956\/admin\/\" target=\"_blank\">\n\t\t\t\t\t\t<span class=\"elementor-screen-only\">Linkedin-in<\/span>\n\t\t\t\t\t\t<i aria-hidden=\"true\" class=\"fab fa-linkedin-in\"><\/i>\t\t\t\t\t<\/a>\n\t\t\t\t<\/span>\n\t\t\t\t\t\t\t<span class=\"elementor-grid-item\" role=\"listitem\">\n\t\t\t\t\t<a class=\"elementor-icon elementor-social-icon elementor-social-icon-youtube elementor-animation-shrink elementor-repeater-item-66d1f08\" href=\"https:\/\/www.youtube.com\/channel\/UCsg59Xx71UnagqYuhgFcFHQ\" target=\"_blank\">\n\t\t\t\t\t\t<span class=\"elementor-screen-only\">Youtube<\/span>\n\t\t\t\t\t\t<i aria-hidden=\"true\" class=\"fab fa-youtube\"><\/i>\t\t\t\t\t<\/a>\n\t\t\t\t<\/span>\n\t\t\t\t\t<\/div>\n\t\t\t\t\t\t<\/div>\n\t\t\t\t<\/div>\n\t\t\t\t\t<\/div>\n\t\t<\/div>\n\t\t\t\t\t<\/div>\n\t\t<\/section>\n\t\t\t\t<section class=\"elementor-section elementor-top-section elementor-element elementor-element-4e6b9f0 elementor-section-boxed elementor-section-height-default elementor-section-height-default\" data-id=\"4e6b9f0\" data-element_type=\"section\" data-e-type=\"section\" data-settings=\"{&quot;background_background&quot;:&quot;classic&quot;}\">\n\t\t\t\t\t\t<div class=\"elementor-container elementor-column-gap-default\">\n\t\t\t\t\t<div class=\"elementor-column elementor-col-100 elementor-top-column elementor-element elementor-element-139d279\" data-id=\"139d279\" data-element_type=\"column\" data-e-type=\"column\">\n\t\t\t<div class=\"elementor-widget-wrap elementor-element-populated\">\n\t\t\t\t\t\t<div class=\"elementor-element elementor-element-c7c6a1f elementor-widget-divider--view-line elementor-widget elementor-widget-divider\" data-id=\"c7c6a1f\" data-element_type=\"widget\" data-e-type=\"widget\" data-widget_type=\"divider.default\">\n\t\t\t\t<div class=\"elementor-widget-container\">\n\t\t\t\t\t\t\t<div class=\"elementor-divider\">\n\t\t\t<span class=\"elementor-divider-separator\">\n\t\t\t\t\t\t<\/span>\n\t\t<\/div>\n\t\t\t\t\t\t<\/div>\n\t\t\t\t<\/div>\n\t\t\t\t\t<\/div>\n\t\t<\/div>\n\t\t\t\t\t<\/div>\n\t\t<\/section>\n\t\t\t\t<section class=\"elementor-section elementor-top-section elementor-element elementor-element-e319fe1 elementor-section-boxed elementor-section-height-default elementor-section-height-default\" data-id=\"e319fe1\" data-element_type=\"section\" data-e-type=\"section\" data-settings=\"{&quot;background_background&quot;:&quot;classic&quot;}\">\n\t\t\t\t\t\t<div class=\"elementor-container elementor-column-gap-default\">\n\t\t\t\t\t<div class=\"elementor-column elementor-col-33 elementor-top-column elementor-element elementor-element-19e2ec7\" data-id=\"19e2ec7\" data-element_type=\"column\" data-e-type=\"column\">\n\t\t\t<div class=\"elementor-widget-wrap elementor-element-populated\">\n\t\t\t\t\t\t<div class=\"elementor-element elementor-element-7cd31eb elementor-widget elementor-widget-text-editor\" data-id=\"7cd31eb\" data-element_type=\"widget\" data-e-type=\"widget\" data-widget_type=\"text-editor.default\">\n\t\t\t\t<div class=\"elementor-widget-container\">\n\t\t\t\t\t\t\t\t\t<p>Copyright \u00a9 2022 RE-START. All Rights Reserved<\/p>\t\t\t\t\t\t\t\t<\/div>\n\t\t\t\t<\/div>\n\t\t\t\t\t<\/div>\n\t\t<\/div>\n\t\t\t\t<div class=\"elementor-column elementor-col-33 elementor-top-column elementor-element elementor-element-3a2b718\" data-id=\"3a2b718\" data-element_type=\"column\" data-e-type=\"column\">\n\t\t\t<div class=\"elementor-widget-wrap\">\n\t\t\t\t\t\t\t<\/div>\n\t\t<\/div>\n\t\t\t\t<div class=\"elementor-column elementor-col-33 elementor-top-column elementor-element elementor-element-ab5b991\" data-id=\"ab5b991\" data-element_type=\"column\" data-e-type=\"column\">\n\t\t\t<div class=\"elementor-widget-wrap elementor-element-populated\">\n\t\t\t\t\t\t<div class=\"elementor-element elementor-element-9b5b188 elementor-widget elementor-widget-text-editor\" data-id=\"9b5b188\" data-element_type=\"widget\" data-e-type=\"widget\" data-widget_type=\"text-editor.default\">\n\t\t\t\t<div class=\"elementor-widget-container\">\n\t\t\t\t\t\t\t\t\t<span style=\"color: white; font-size: 16px; text-align: right;\">Powered by Innovation Hive<\/span>\t\t\t\t\t\t\t\t<\/div>\n\t\t\t\t<\/div>\n\t\t\t\t\t<\/div>\n\t\t<\/div>\n\t\t\t\t\t<\/div>\n\t\t<\/section>\n\t\t\t\t<\/div>\n\t\t","protected":false},"excerpt":{"rendered":"<p>Projekt Opis Projektu Zgodnie z nowym unijnym planem dzia\u0142a\u0144 na rzecz gospodarki cyrkularnej (2020), w ci\u0105gu ostatniej dekady miliony ton [&hellip;]<\/p>\n","protected":false},"author":1,"featured_media":0,"parent":0,"menu_order":0,"comment_status":"closed","ping_status":"closed","template":"page-templates\/template_page-builder.php","meta":{"_monsterinsights_skip_tracking":false,"_monsterinsights_sitenote_active":false,"_monsterinsights_sitenote_note":"","_monsterinsights_sitenote_category":0,"footnotes":""},"class_list":["post-835","page","type-page","status-publish","hentry"],"aioseo_notices":[],"_links":{"self":[{"href":"https:\/\/project-restart.eu\/index.php\/wp-json\/wp\/v2\/pages\/835","targetHints":{"allow":["GET"]}}],"collection":[{"href":"https:\/\/project-restart.eu\/index.php\/wp-json\/wp\/v2\/pages"}],"about":[{"href":"https:\/\/project-restart.eu\/index.php\/wp-json\/wp\/v2\/types\/page"}],"author":[{"embeddable":true,"href":"https:\/\/project-restart.eu\/index.php\/wp-json\/wp\/v2\/users\/1"}],"replies":[{"embeddable":true,"href":"https:\/\/project-restart.eu\/index.php\/wp-json\/wp\/v2\/comments?post=835"}],"version-history":[{"count":44,"href":"https:\/\/project-restart.eu\/index.php\/wp-json\/wp\/v2\/pages\/835\/revisions"}],"predecessor-version":[{"id":3560,"href":"https:\/\/project-restart.eu\/index.php\/wp-json\/wp\/v2\/pages\/835\/revisions\/3560"}],"wp:attachment":[{"href":"https:\/\/project-restart.eu\/index.php\/wp-json\/wp\/v2\/media?parent=835"}],"curies":[{"name":"wp","href":"https:\/\/api.w.org\/{rel}","templated":true}]}}