{"id":696,"date":"2022-03-30T13:31:57","date_gmt":"2022-03-30T13:31:57","guid":{"rendered":"https:\/\/project-restart.eu\/?page_id=696"},"modified":"2024-02-23T09:48:17","modified_gmt":"2024-02-23T09:48:17","slug":"project-pt","status":"publish","type":"page","link":"https:\/\/project-restart.eu\/index.php\/pt\/project-pt\/","title":{"rendered":"Projeto"},"content":{"rendered":"\t\t<div data-elementor-type=\"wp-page\" data-elementor-id=\"696\" class=\"elementor elementor-696\">\n\t\t\t\t\t\t<section class=\"elementor-section elementor-top-section elementor-element elementor-element-597fbd3 elementor-section-boxed elementor-section-height-default elementor-section-height-default\" data-id=\"597fbd3\" data-element_type=\"section\" data-e-type=\"section\" data-settings=\"{&quot;background_background&quot;:&quot;classic&quot;}\">\n\t\t\t\t\t\t\t<div class=\"elementor-background-overlay\"><\/div>\n\t\t\t\t\t\t\t<div class=\"elementor-container elementor-column-gap-default\">\n\t\t\t\t\t<div class=\"elementor-column elementor-col-100 elementor-top-column elementor-element elementor-element-c1b1e12\" data-id=\"c1b1e12\" data-element_type=\"column\" data-e-type=\"column\">\n\t\t\t<div class=\"elementor-widget-wrap elementor-element-populated\">\n\t\t\t\t\t\t<div class=\"elementor-element elementor-element-a77b183 elementor-widget elementor-widget-spacer\" data-id=\"a77b183\" data-element_type=\"widget\" data-e-type=\"widget\" data-widget_type=\"spacer.default\">\n\t\t\t\t<div class=\"elementor-widget-container\">\n\t\t\t\t\t\t\t<div class=\"elementor-spacer\">\n\t\t\t<div class=\"elementor-spacer-inner\"><\/div>\n\t\t<\/div>\n\t\t\t\t\t\t<\/div>\n\t\t\t\t<\/div>\n\t\t\t\t<div class=\"elementor-element elementor-element-6e5ad2f elementor-widget elementor-widget-heading\" data-id=\"6e5ad2f\" data-element_type=\"widget\" data-e-type=\"widget\" data-widget_type=\"heading.default\">\n\t\t\t\t<div class=\"elementor-widget-container\">\n\t\t\t\t\t<h2 class=\"elementor-heading-title elementor-size-default\">O Projeto<\/h2>\t\t\t\t<\/div>\n\t\t\t\t<\/div>\n\t\t\t\t<div class=\"elementor-element elementor-element-d0f4c0c elementor-widget elementor-widget-spacer\" data-id=\"d0f4c0c\" data-element_type=\"widget\" data-e-type=\"widget\" data-widget_type=\"spacer.default\">\n\t\t\t\t<div class=\"elementor-widget-container\">\n\t\t\t\t\t\t\t<div class=\"elementor-spacer\">\n\t\t\t<div class=\"elementor-spacer-inner\"><\/div>\n\t\t<\/div>\n\t\t\t\t\t\t<\/div>\n\t\t\t\t<\/div>\n\t\t\t\t<div class=\"elementor-element elementor-element-16467bf elementor-widget elementor-widget-heading\" data-id=\"16467bf\" data-element_type=\"widget\" data-e-type=\"widget\" data-widget_type=\"heading.default\">\n\t\t\t\t<div class=\"elementor-widget-container\">\n\t\t\t\t\t<h3 class=\"elementor-heading-title elementor-size-default\">Descri\u00e7\u00e3o do Projeto<\/h3>\t\t\t\t<\/div>\n\t\t\t\t<\/div>\n\t\t\t\t<div class=\"elementor-element elementor-element-897ec4b elementor-widget elementor-widget-spacer\" data-id=\"897ec4b\" data-element_type=\"widget\" data-e-type=\"widget\" data-widget_type=\"spacer.default\">\n\t\t\t\t<div class=\"elementor-widget-container\">\n\t\t\t\t\t\t\t<div class=\"elementor-spacer\">\n\t\t\t<div class=\"elementor-spacer-inner\"><\/div>\n\t\t<\/div>\n\t\t\t\t\t\t<\/div>\n\t\t\t\t<\/div>\n\t\t\t\t<div class=\"elementor-element elementor-element-b093d3b elementor-widget elementor-widget-text-editor\" data-id=\"b093d3b\" data-element_type=\"widget\" data-e-type=\"widget\" data-widget_type=\"text-editor.default\">\n\t\t\t\t<div class=\"elementor-widget-container\">\n\t\t\t\t\t\t\t\t\t<p>Com base no novo Plano de Ac\u00e7\u00e3o da Economia Circular da UE (2020), na \u00faltima d\u00e9cada, milh\u00f5es de toneladas de res\u00edduos europeus foram exportados para pa\u00edses fora da UE, muitas vezes sem considerar o seu tratamento adequado. Em muitos casos, as exporta\u00e7\u00f5es de res\u00edduos resultam tanto em impactos ambientais e sanit\u00e1rios negativos nos pa\u00edses de destino, como em perdas de recursos e oportunidades econ\u00f3micas para a ind\u00fastria da reciclagem da UE. Esta abordagem facilita o modelo linear que est\u00e1 a esgotar o nosso planeta, e a poluir o ambiente. Assim, a prioridade do projeto RE-START \u00e9 apoiar os estudantes das institui\u00e7\u00f5es de ensino superior, os rec\u00e9m-licenciados e os potenciais startupers na aquisi\u00e7\u00e3o e desenvolvimento de aptid\u00f5es essenciais e compet\u00eancias-chave, a fim de adoptarem uma abordagem que respeite o meio ambiente aquando da sua tentativa de criar uma start-up. Este projeto visa a transi\u00e7\u00e3o para um sistema econ\u00f3mico sustent\u00e1vel, que \u00e9 uma parte indispens\u00e1vel da nova estrat\u00e9gia industrial da UE. O projecto RE-START incentiva e orienta os estudantes das IES a desenvolverem um arranque circular, ou a transformarem a sua ideia de neg\u00f3cio num neg\u00f3cio circular, implementando pelo menos uma das estrat\u00e9gias da Economia Circular (CE): Reduzir, Reutilizar, Reciclar, Recuperar e Regenerar. O RE-START visa desenvolver um programa de forma\u00e7\u00e3o que reforce a mentalidade empreendedora considerando os princ\u00edpios e compet\u00eancias da economia circular dos estudantes das IES; fornece-lhes exemplos da vida real de empres\u00e1rios de neg\u00f3cios circulares de sucesso; e encoraja-os a apoiar e comercializar produtos da economia circular .<\/p>\t\t\t\t\t\t\t\t<\/div>\n\t\t\t\t<\/div>\n\t\t\t\t<div class=\"elementor-element elementor-element-240778d elementor-widget-divider--view-line elementor-widget elementor-widget-divider\" data-id=\"240778d\" data-element_type=\"widget\" data-e-type=\"widget\" data-widget_type=\"divider.default\">\n\t\t\t\t<div class=\"elementor-widget-container\">\n\t\t\t\t\t\t\t<div class=\"elementor-divider\">\n\t\t\t<span class=\"elementor-divider-separator\">\n\t\t\t\t\t\t<\/span>\n\t\t<\/div>\n\t\t\t\t\t\t<\/div>\n\t\t\t\t<\/div>\n\t\t\t\t<div class=\"elementor-element elementor-element-35a1219 elementor-widget elementor-widget-heading\" data-id=\"35a1219\" data-element_type=\"widget\" data-e-type=\"widget\" data-widget_type=\"heading.default\">\n\t\t\t\t<div class=\"elementor-widget-container\">\n\t\t\t\t\t<h3 class=\"elementor-heading-title elementor-size-default\">Impacto<\/h3>\t\t\t\t<\/div>\n\t\t\t\t<\/div>\n\t\t\t\t<div class=\"elementor-element elementor-element-92c8a3f elementor-widget elementor-widget-spacer\" data-id=\"92c8a3f\" data-element_type=\"widget\" data-e-type=\"widget\" data-widget_type=\"spacer.default\">\n\t\t\t\t<div class=\"elementor-widget-container\">\n\t\t\t\t\t\t\t<div class=\"elementor-spacer\">\n\t\t\t<div class=\"elementor-spacer-inner\"><\/div>\n\t\t<\/div>\n\t\t\t\t\t\t<\/div>\n\t\t\t\t<\/div>\n\t\t\t\t<div class=\"elementor-element elementor-element-8bdf47c elementor-widget elementor-widget-text-editor\" data-id=\"8bdf47c\" data-element_type=\"widget\" data-e-type=\"widget\" data-widget_type=\"text-editor.default\">\n\t\t\t\t<div class=\"elementor-widget-container\">\n\t\t\t\t\t\t\t\t\t<p>Espera-se que o projecto RE-START tenha um grande impacto nos seus grupos-alvo, tais como estudantes, acad\u00e9micos, formadores e empres\u00e1rios. Os estudantes participantes ganhar\u00e3o um conhecimento empresarial atrav\u00e9s das lentes da economia circular, melhorando as suas compet\u00eancias transversais, inspirando-se e obtendo conselhos de empres\u00e1rios e mentores de sucesso, e experimentando o processo desde a ideia at\u00e9 um plano de neg\u00f3cios circular. Isto ir\u00e1 ajud\u00e1-los a contornar o seu medo de falhar, a lidar com os riscos e a tornarem-se &#8220;mais empreg\u00e1veis&#8221;. Os estudantes tornar-se-\u00e3o empres\u00e1rios que poder\u00e3o utilizar os materiais de forma eficaz, criando mais valor, tanto atrav\u00e9s da redu\u00e7\u00e3o de custos como atrav\u00e9s do desenvolvimento de novos mercados ou do crescimento dos j\u00e1 existentes. O principal grupo-alvo que participar\u00e1 em todas as atividades do projecto, ganhar\u00e1 um ponto de acesso priveligiado a incubadoras, centros de inova\u00e7\u00e3o, consultores profissionais e peritos empresariais. Al\u00e9m disso, o projeto visa apoiar os estudantes no desenvolvimento de novos empreendimentos, mas tamb\u00e9m para lhes mostrar como comercializar os seus neg\u00f3cios e ideias inovadoras, lan\u00e7ando uma spin-off universit\u00e1ria. Acad\u00e9micos e formadores tornar-se-\u00e3o mais competentes no ensino de modelos empresariais circulares, empenhando-se em atividades que refor\u00e7am a Economia Circular. As empresas locais em fase de arranque, empres\u00e1rios, investidores e incubadoras de empresas ser\u00e3o capazes de explorar novas oportunidades colaborando com os estudantes, uma vez que possuem uma grande experi\u00eancia de cria\u00e7\u00e3o de modelos circulares de neg\u00f3cio, atrav\u00e9s dos quais as ideias inovadoras t\u00eam mais probabilidades de ocorrer e de se tornarem neg\u00f3cios rent\u00e1veis.<\/p>\t\t\t\t\t\t\t\t<\/div>\n\t\t\t\t<\/div>\n\t\t\t\t<div class=\"elementor-element elementor-element-a4aa435 elementor-widget elementor-widget-spacer\" data-id=\"a4aa435\" data-element_type=\"widget\" data-e-type=\"widget\" data-widget_type=\"spacer.default\">\n\t\t\t\t<div class=\"elementor-widget-container\">\n\t\t\t\t\t\t\t<div class=\"elementor-spacer\">\n\t\t\t<div class=\"elementor-spacer-inner\"><\/div>\n\t\t<\/div>\n\t\t\t\t\t\t<\/div>\n\t\t\t\t<\/div>\n\t\t\t\t\t<\/div>\n\t\t<\/div>\n\t\t\t\t\t<\/div>\n\t\t<\/section>\n\t\t\t\t<section class=\"elementor-section elementor-top-section elementor-element elementor-element-52503433 elementor-section-boxed elementor-section-height-default elementor-section-height-default\" data-id=\"52503433\" data-element_type=\"section\" data-e-type=\"section\" data-settings=\"{&quot;background_background&quot;:&quot;classic&quot;}\">\n\t\t\t\t\t\t<div class=\"elementor-container elementor-column-gap-default\">\n\t\t\t\t\t<div class=\"elementor-column elementor-col-33 elementor-top-column elementor-element elementor-element-3612bcbe\" data-id=\"3612bcbe\" data-element_type=\"column\" data-e-type=\"column\">\n\t\t\t<div class=\"elementor-widget-wrap elementor-element-populated\">\n\t\t\t\t\t\t<div class=\"elementor-element elementor-element-78631c0c elementor-widget elementor-widget-spacer\" data-id=\"78631c0c\" data-element_type=\"widget\" data-e-type=\"widget\" data-widget_type=\"spacer.default\">\n\t\t\t\t<div class=\"elementor-widget-container\">\n\t\t\t\t\t\t\t<div class=\"elementor-spacer\">\n\t\t\t<div class=\"elementor-spacer-inner\"><\/div>\n\t\t<\/div>\n\t\t\t\t\t\t<\/div>\n\t\t\t\t<\/div>\n\t\t\t\t<div class=\"elementor-element elementor-element-1dac6d9 elementor-widget elementor-widget-image\" data-id=\"1dac6d9\" data-element_type=\"widget\" data-e-type=\"widget\" data-widget_type=\"image.default\">\n\t\t\t\t<div class=\"elementor-widget-container\">\n\t\t\t\t\t\t\t\t\t\t\t\t\t\t\t<img decoding=\"async\" width=\"300\" height=\"63\" src=\"https:\/\/project-restart.eu\/wp-content\/uploads\/2023\/04\/EN_Co-funded_by_the_EU-transparent-300x63.png\" class=\"attachment-medium size-medium wp-image-2131\" alt=\"\" srcset=\"https:\/\/project-restart.eu\/wp-content\/uploads\/2023\/04\/EN_Co-funded_by_the_EU-transparent-300x63.png 300w, https:\/\/project-restart.eu\/wp-content\/uploads\/2023\/04\/EN_Co-funded_by_the_EU-transparent-768x161.png 768w, https:\/\/project-restart.eu\/wp-content\/uploads\/2023\/04\/EN_Co-funded_by_the_EU-transparent-720x151.png 720w, https:\/\/project-restart.eu\/wp-content\/uploads\/2023\/04\/EN_Co-funded_by_the_EU-transparent.png 1024w\" sizes=\"(max-width: 300px) 100vw, 300px\" \/>\t\t\t\t\t\t\t\t\t\t\t\t\t\t\t<\/div>\n\t\t\t\t<\/div>\n\t\t\t\t<div class=\"elementor-element elementor-element-8a9b0c6 elementor-widget elementor-widget-text-editor\" data-id=\"8a9b0c6\" data-element_type=\"widget\" data-e-type=\"widget\" data-widget_type=\"text-editor.default\">\n\t\t\t\t<div class=\"elementor-widget-container\">\n\t\t\t\t\t\t\t\t\t<p>Financiado pela Uni\u00e3o Europeia. Os pontos de vista e as opini\u00f5es expressas<br>s\u00e3o as do(s) autor(es) e n\u00e3o refletem necessariamente a posi\u00e7\u00e3o da Uni\u00e3o Europeia ou Comiss\u00e3o Europeia . Nem a Uni\u00e3o Europeia nem a Comiss\u00e3o Europeia&nbsp; podem ser tidos como respons\u00e1veis por essas opini\u00f5es. 2021-1-CY01-KA220-HED-000032155<\/p>\t\t\t\t\t\t\t\t<\/div>\n\t\t\t\t<\/div>\n\t\t\t\t\t<\/div>\n\t\t<\/div>\n\t\t\t\t<div class=\"elementor-column elementor-col-33 elementor-top-column elementor-element elementor-element-709ca8bd\" data-id=\"709ca8bd\" data-element_type=\"column\" data-e-type=\"column\">\n\t\t\t<div class=\"elementor-widget-wrap\">\n\t\t\t\t\t\t\t<\/div>\n\t\t<\/div>\n\t\t\t\t<div class=\"elementor-column elementor-col-33 elementor-top-column elementor-element elementor-element-4f3c5163\" data-id=\"4f3c5163\" data-element_type=\"column\" data-e-type=\"column\">\n\t\t\t<div class=\"elementor-widget-wrap elementor-element-populated\">\n\t\t\t\t\t\t<div class=\"elementor-element elementor-element-33b0c3f2 elementor-widget elementor-widget-spacer\" data-id=\"33b0c3f2\" data-element_type=\"widget\" data-e-type=\"widget\" data-widget_type=\"spacer.default\">\n\t\t\t\t<div class=\"elementor-widget-container\">\n\t\t\t\t\t\t\t<div class=\"elementor-spacer\">\n\t\t\t<div class=\"elementor-spacer-inner\"><\/div>\n\t\t<\/div>\n\t\t\t\t\t\t<\/div>\n\t\t\t\t<\/div>\n\t\t\t\t<div class=\"elementor-element elementor-element-251fb52d elementor-widget elementor-widget-image\" data-id=\"251fb52d\" data-element_type=\"widget\" data-e-type=\"widget\" data-widget_type=\"image.default\">\n\t\t\t\t<div class=\"elementor-widget-container\">\n\t\t\t\t\t\t\t\t\t\t\t\t\t\t\t\t<a href=\"http:\/\/project-restart.eu\/\">\n\t\t\t\t\t\t\t<img decoding=\"async\" src=\"https:\/\/project-restart.eu\/wp-content\/uploads\/elementor\/thumbs\/restart-logo-xxsmall-pkhy5rhrgfd0krzoc6mvap6e4z5397771jev2x1zvs.png\" title=\"restart logo xxsmall\" alt=\"restart logo xxsmall\" loading=\"lazy\" \/>\t\t\t\t\t\t\t\t<\/a>\n\t\t\t\t\t\t\t\t\t\t\t\t\t\t\t<\/div>\n\t\t\t\t<\/div>\n\t\t\t\t<div class=\"elementor-element elementor-element-540b194 elementor-widget elementor-widget-text-editor\" data-id=\"540b194\" data-element_type=\"widget\" data-e-type=\"widget\" data-widget_type=\"text-editor.default\">\n\t\t\t\t<div class=\"elementor-widget-container\">\n\t\t\t\t\t\t\t\t\t<a style=\"color: white;\" href=\"http:\/\/project-restart.eu\/index.php\/terms-of-use\/\" target=\"_blank\" rel=\"noopener\">Terms of Use<\/a>\t\t\t\t\t\t\t\t<\/div>\n\t\t\t\t<\/div>\n\t\t\t\t<div class=\"elementor-element elementor-element-ac71e1a elementor-shape-circle e-grid-align-right elementor-grid-0 elementor-widget elementor-widget-social-icons\" data-id=\"ac71e1a\" data-element_type=\"widget\" data-e-type=\"widget\" data-widget_type=\"social-icons.default\">\n\t\t\t\t<div class=\"elementor-widget-container\">\n\t\t\t\t\t\t\t<div class=\"elementor-social-icons-wrapper elementor-grid\" role=\"list\">\n\t\t\t\t\t\t\t<span class=\"elementor-grid-item\" role=\"listitem\">\n\t\t\t\t\t<a class=\"elementor-icon elementor-social-icon elementor-social-icon-facebook elementor-animation-shrink elementor-repeater-item-2abba4d\" href=\"https:\/\/www.facebook.com\/restartprojecteu2\/\" target=\"_blank\">\n\t\t\t\t\t\t<span class=\"elementor-screen-only\">Facebook<\/span>\n\t\t\t\t\t\t<i aria-hidden=\"true\" class=\"fab fa-facebook\"><\/i>\t\t\t\t\t<\/a>\n\t\t\t\t<\/span>\n\t\t\t\t\t\t\t<span class=\"elementor-grid-item\" role=\"listitem\">\n\t\t\t\t\t<a class=\"elementor-icon elementor-social-icon elementor-social-icon-twitter elementor-animation-shrink elementor-repeater-item-d6da5c0\" href=\"https:\/\/twitter.com\/RESTARTPROJECT3\" target=\"_blank\">\n\t\t\t\t\t\t<span class=\"elementor-screen-only\">Twitter<\/span>\n\t\t\t\t\t\t<i aria-hidden=\"true\" class=\"fab fa-twitter\"><\/i>\t\t\t\t\t<\/a>\n\t\t\t\t<\/span>\n\t\t\t\t\t\t\t<span class=\"elementor-grid-item\" role=\"listitem\">\n\t\t\t\t\t<a class=\"elementor-icon elementor-social-icon elementor-social-icon-linkedin-in elementor-animation-shrink elementor-repeater-item-bfef515\" href=\"https:\/\/www.linkedin.com\/company\/82385956\/admin\/\" target=\"_blank\">\n\t\t\t\t\t\t<span class=\"elementor-screen-only\">Linkedin-in<\/span>\n\t\t\t\t\t\t<i aria-hidden=\"true\" class=\"fab fa-linkedin-in\"><\/i>\t\t\t\t\t<\/a>\n\t\t\t\t<\/span>\n\t\t\t\t\t\t\t<span class=\"elementor-grid-item\" role=\"listitem\">\n\t\t\t\t\t<a class=\"elementor-icon elementor-social-icon elementor-social-icon-youtube elementor-animation-shrink elementor-repeater-item-66d1f08\" href=\"https:\/\/www.youtube.com\/channel\/UCsg59Xx71UnagqYuhgFcFHQ\" target=\"_blank\">\n\t\t\t\t\t\t<span class=\"elementor-screen-only\">Youtube<\/span>\n\t\t\t\t\t\t<i aria-hidden=\"true\" class=\"fab fa-youtube\"><\/i>\t\t\t\t\t<\/a>\n\t\t\t\t<\/span>\n\t\t\t\t\t<\/div>\n\t\t\t\t\t\t<\/div>\n\t\t\t\t<\/div>\n\t\t\t\t\t<\/div>\n\t\t<\/div>\n\t\t\t\t\t<\/div>\n\t\t<\/section>\n\t\t\t\t<section class=\"elementor-section elementor-top-section elementor-element elementor-element-c21717b elementor-section-boxed elementor-section-height-default elementor-section-height-default\" data-id=\"c21717b\" data-element_type=\"section\" data-e-type=\"section\" data-settings=\"{&quot;background_background&quot;:&quot;classic&quot;}\">\n\t\t\t\t\t\t<div class=\"elementor-container elementor-column-gap-default\">\n\t\t\t\t\t<div class=\"elementor-column elementor-col-100 elementor-top-column elementor-element elementor-element-8b98a65\" data-id=\"8b98a65\" data-element_type=\"column\" data-e-type=\"column\">\n\t\t\t<div class=\"elementor-widget-wrap elementor-element-populated\">\n\t\t\t\t\t\t<div class=\"elementor-element elementor-element-b5b7c59 elementor-widget-divider--view-line elementor-widget elementor-widget-divider\" data-id=\"b5b7c59\" data-element_type=\"widget\" data-e-type=\"widget\" data-widget_type=\"divider.default\">\n\t\t\t\t<div class=\"elementor-widget-container\">\n\t\t\t\t\t\t\t<div class=\"elementor-divider\">\n\t\t\t<span class=\"elementor-divider-separator\">\n\t\t\t\t\t\t<\/span>\n\t\t<\/div>\n\t\t\t\t\t\t<\/div>\n\t\t\t\t<\/div>\n\t\t\t\t\t<\/div>\n\t\t<\/div>\n\t\t\t\t\t<\/div>\n\t\t<\/section>\n\t\t\t\t<section class=\"elementor-section elementor-top-section elementor-element elementor-element-e3e8534 elementor-section-boxed elementor-section-height-default elementor-section-height-default\" data-id=\"e3e8534\" data-element_type=\"section\" data-e-type=\"section\" data-settings=\"{&quot;background_background&quot;:&quot;classic&quot;}\">\n\t\t\t\t\t\t<div class=\"elementor-container elementor-column-gap-default\">\n\t\t\t\t\t<div class=\"elementor-column elementor-col-33 elementor-top-column elementor-element elementor-element-77faec4\" data-id=\"77faec4\" data-element_type=\"column\" data-e-type=\"column\">\n\t\t\t<div class=\"elementor-widget-wrap elementor-element-populated\">\n\t\t\t\t\t\t<div class=\"elementor-element elementor-element-8961b24 elementor-widget elementor-widget-text-editor\" data-id=\"8961b24\" data-element_type=\"widget\" data-e-type=\"widget\" data-widget_type=\"text-editor.default\">\n\t\t\t\t<div class=\"elementor-widget-container\">\n\t\t\t\t\t\t\t\t\t<p>Copyright \u00a9 2022 RE-START. All Rights Reserved<\/p>\t\t\t\t\t\t\t\t<\/div>\n\t\t\t\t<\/div>\n\t\t\t\t\t<\/div>\n\t\t<\/div>\n\t\t\t\t<div class=\"elementor-column elementor-col-33 elementor-top-column elementor-element elementor-element-db56d69\" data-id=\"db56d69\" data-element_type=\"column\" data-e-type=\"column\">\n\t\t\t<div class=\"elementor-widget-wrap\">\n\t\t\t\t\t\t\t<\/div>\n\t\t<\/div>\n\t\t\t\t<div class=\"elementor-column elementor-col-33 elementor-top-column elementor-element elementor-element-3dabeb2\" data-id=\"3dabeb2\" data-element_type=\"column\" data-e-type=\"column\">\n\t\t\t<div class=\"elementor-widget-wrap elementor-element-populated\">\n\t\t\t\t\t\t<div class=\"elementor-element elementor-element-001ae82 elementor-widget elementor-widget-text-editor\" data-id=\"001ae82\" data-element_type=\"widget\" data-e-type=\"widget\" data-widget_type=\"text-editor.default\">\n\t\t\t\t<div class=\"elementor-widget-container\">\n\t\t\t\t\t\t\t\t\t<span style=\"color: white; font-size: 16px; text-align: right;\">Powered by Innovation Hive<\/span>\t\t\t\t\t\t\t\t<\/div>\n\t\t\t\t<\/div>\n\t\t\t\t\t<\/div>\n\t\t<\/div>\n\t\t\t\t\t<\/div>\n\t\t<\/section>\n\t\t\t\t<\/div>\n\t\t","protected":false},"excerpt":{"rendered":"<p>O Projeto Descri\u00e7\u00e3o do Projeto Com base no novo Plano de Ac\u00e7\u00e3o da Economia Circular da UE (2020), na \u00faltima [&hellip;]<\/p>\n","protected":false},"author":1,"featured_media":0,"parent":0,"menu_order":0,"comment_status":"closed","ping_status":"closed","template":"page-templates\/template_page-builder.php","meta":{"_monsterinsights_skip_tracking":false,"_monsterinsights_sitenote_active":false,"_monsterinsights_sitenote_note":"","_monsterinsights_sitenote_category":0,"footnotes":""},"class_list":["post-696","page","type-page","status-publish","hentry"],"aioseo_notices":[],"_links":{"self":[{"href":"https:\/\/project-restart.eu\/index.php\/wp-json\/wp\/v2\/pages\/696","targetHints":{"allow":["GET"]}}],"collection":[{"href":"https:\/\/project-restart.eu\/index.php\/wp-json\/wp\/v2\/pages"}],"about":[{"href":"https:\/\/project-restart.eu\/index.php\/wp-json\/wp\/v2\/types\/page"}],"author":[{"embeddable":true,"href":"https:\/\/project-restart.eu\/index.php\/wp-json\/wp\/v2\/users\/1"}],"replies":[{"embeddable":true,"href":"https:\/\/project-restart.eu\/index.php\/wp-json\/wp\/v2\/comments?post=696"}],"version-history":[{"count":56,"href":"https:\/\/project-restart.eu\/index.php\/wp-json\/wp\/v2\/pages\/696\/revisions"}],"predecessor-version":[{"id":3506,"href":"https:\/\/project-restart.eu\/index.php\/wp-json\/wp\/v2\/pages\/696\/revisions\/3506"}],"wp:attachment":[{"href":"https:\/\/project-restart.eu\/index.php\/wp-json\/wp\/v2\/media?parent=696"}],"curies":[{"name":"wp","href":"https:\/\/api.w.org\/{rel}","templated":true}]}}