{"id":548,"date":"2022-03-30T12:33:20","date_gmt":"2022-03-30T12:33:20","guid":{"rendered":"https:\/\/project-restart.eu\/?page_id=548"},"modified":"2024-02-23T09:44:52","modified_gmt":"2024-02-23T09:44:52","slug":"project-es","status":"publish","type":"page","link":"https:\/\/project-restart.eu\/index.php\/es\/project-es\/","title":{"rendered":"Proyecto"},"content":{"rendered":"\t\t<div data-elementor-type=\"wp-page\" data-elementor-id=\"548\" class=\"elementor elementor-548\">\n\t\t\t\t\t\t<section class=\"elementor-section elementor-top-section elementor-element elementor-element-597fbd3 elementor-section-boxed elementor-section-height-default elementor-section-height-default\" data-id=\"597fbd3\" data-element_type=\"section\" data-e-type=\"section\" data-settings=\"{&quot;background_background&quot;:&quot;classic&quot;}\">\n\t\t\t\t\t\t\t<div class=\"elementor-background-overlay\"><\/div>\n\t\t\t\t\t\t\t<div class=\"elementor-container elementor-column-gap-default\">\n\t\t\t\t\t<div class=\"elementor-column elementor-col-100 elementor-top-column elementor-element elementor-element-c1b1e12\" data-id=\"c1b1e12\" data-element_type=\"column\" data-e-type=\"column\">\n\t\t\t<div class=\"elementor-widget-wrap elementor-element-populated\">\n\t\t\t\t\t\t<div class=\"elementor-element elementor-element-a77b183 elementor-widget elementor-widget-spacer\" data-id=\"a77b183\" data-element_type=\"widget\" data-e-type=\"widget\" data-widget_type=\"spacer.default\">\n\t\t\t\t<div class=\"elementor-widget-container\">\n\t\t\t\t\t\t\t<div class=\"elementor-spacer\">\n\t\t\t<div class=\"elementor-spacer-inner\"><\/div>\n\t\t<\/div>\n\t\t\t\t\t\t<\/div>\n\t\t\t\t<\/div>\n\t\t\t\t<div class=\"elementor-element elementor-element-6e5ad2f elementor-widget elementor-widget-heading\" data-id=\"6e5ad2f\" data-element_type=\"widget\" data-e-type=\"widget\" data-widget_type=\"heading.default\">\n\t\t\t\t<div class=\"elementor-widget-container\">\n\t\t\t\t\t<h2 class=\"elementor-heading-title elementor-size-default\">El Proyecto<\/h2>\t\t\t\t<\/div>\n\t\t\t\t<\/div>\n\t\t\t\t<div class=\"elementor-element elementor-element-d0f4c0c elementor-widget elementor-widget-spacer\" data-id=\"d0f4c0c\" data-element_type=\"widget\" data-e-type=\"widget\" data-widget_type=\"spacer.default\">\n\t\t\t\t<div class=\"elementor-widget-container\">\n\t\t\t\t\t\t\t<div class=\"elementor-spacer\">\n\t\t\t<div class=\"elementor-spacer-inner\"><\/div>\n\t\t<\/div>\n\t\t\t\t\t\t<\/div>\n\t\t\t\t<\/div>\n\t\t\t\t<div class=\"elementor-element elementor-element-16467bf elementor-widget elementor-widget-heading\" data-id=\"16467bf\" data-element_type=\"widget\" data-e-type=\"widget\" data-widget_type=\"heading.default\">\n\t\t\t\t<div class=\"elementor-widget-container\">\n\t\t\t\t\t<h3 class=\"elementor-heading-title elementor-size-default\">Descripci\u00f3n del Proyecto<\/h3>\t\t\t\t<\/div>\n\t\t\t\t<\/div>\n\t\t\t\t<div class=\"elementor-element elementor-element-897ec4b elementor-widget elementor-widget-spacer\" data-id=\"897ec4b\" data-element_type=\"widget\" data-e-type=\"widget\" data-widget_type=\"spacer.default\">\n\t\t\t\t<div class=\"elementor-widget-container\">\n\t\t\t\t\t\t\t<div class=\"elementor-spacer\">\n\t\t\t<div class=\"elementor-spacer-inner\"><\/div>\n\t\t<\/div>\n\t\t\t\t\t\t<\/div>\n\t\t\t\t<\/div>\n\t\t\t\t<div class=\"elementor-element elementor-element-0c62163 elementor-widget elementor-widget-text-editor\" data-id=\"0c62163\" data-element_type=\"widget\" data-e-type=\"widget\" data-widget_type=\"text-editor.default\">\n\t\t\t\t<div class=\"elementor-widget-container\">\n\t\t\t\t\t\t\t\t\t<p>Seg\u00fan el nuevo Plan de Acci\u00f3n de Econom\u00eda Circular de la UE (2020), en la \u00faltima d\u00e9cada, millones de toneladas de residuos europeos se han exportado a pa\u00edses no pertenecientes a la UE, a menudo sin tener suficientemente en cuenta el tratamiento adecuado de los residuos. En muchos casos, las exportaciones de residuos tienen como resultado impactos ambientales y de salud negativos en los pa\u00edses de destino, y producen la p\u00e9rdida de recursos y oportunidades econ\u00f3micas para la industria del reciclaje en la UE. Resultado de ello es el modelo lineal que est\u00e1 agotando nuestro planeta y contaminando el medio ambiente. As\u00ed, la prioridad horizontal del proyecto RE-START es apoyar estudiantes de IES en la adquisici\u00f3n y desarrollo de habilidades esenciales y competencias clave para adoptar un enfoque respetuoso con el medio ambiente en su intento de desarrollar una nueva empresa. Este proyecto consiste en la transici\u00f3n a un sistema econ\u00f3mico sostenible, que es una parte indispensable de la nueva estrategia industrial de la UE. El proyecto RE-START anima y orienta a los estudiantes de las IES a desarrollar una start-up circular o transformar su idea de negocio en una circular siguiendo la definici\u00f3n de start-ups circulares que las define como modelos de negocio basados \u200b\u200ben la implementaci\u00f3n de al menos una de las Estrategias de Econom\u00eda Circular (CE): Reducir, Reutilizar, Reciclar, Recuperar y Regenerar.&#8221;RE-START tiene como objetivo desarrollar un programa de formaci\u00f3n circular para start-ups que mejore la mentalidad emprendedora teniendo en cuenta los principios de econom\u00eda circular y las competencias de los estudiantes de las IES, proporcion\u00e1ndoles ejemplos de vida de empresarios exitosos en la econom\u00eda circular, y alent\u00e1ndolos a apoyar y comercializar su start-up circular.<\/p>\t\t\t\t\t\t\t\t<\/div>\n\t\t\t\t<\/div>\n\t\t\t\t<div class=\"elementor-element elementor-element-240778d elementor-widget-divider--view-line elementor-widget elementor-widget-divider\" data-id=\"240778d\" data-element_type=\"widget\" data-e-type=\"widget\" data-widget_type=\"divider.default\">\n\t\t\t\t<div class=\"elementor-widget-container\">\n\t\t\t\t\t\t\t<div class=\"elementor-divider\">\n\t\t\t<span class=\"elementor-divider-separator\">\n\t\t\t\t\t\t<\/span>\n\t\t<\/div>\n\t\t\t\t\t\t<\/div>\n\t\t\t\t<\/div>\n\t\t\t\t<div class=\"elementor-element elementor-element-35a1219 elementor-widget elementor-widget-heading\" data-id=\"35a1219\" data-element_type=\"widget\" data-e-type=\"widget\" data-widget_type=\"heading.default\">\n\t\t\t\t<div class=\"elementor-widget-container\">\n\t\t\t\t\t<h3 class=\"elementor-heading-title elementor-size-default\">Impacto<\/h3>\t\t\t\t<\/div>\n\t\t\t\t<\/div>\n\t\t\t\t<div class=\"elementor-element elementor-element-92c8a3f elementor-widget elementor-widget-spacer\" data-id=\"92c8a3f\" data-element_type=\"widget\" data-e-type=\"widget\" data-widget_type=\"spacer.default\">\n\t\t\t\t<div class=\"elementor-widget-container\">\n\t\t\t\t\t\t\t<div class=\"elementor-spacer\">\n\t\t\t<div class=\"elementor-spacer-inner\"><\/div>\n\t\t<\/div>\n\t\t\t\t\t\t<\/div>\n\t\t\t\t<\/div>\n\t\t\t\t<div class=\"elementor-element elementor-element-db746a8 elementor-widget elementor-widget-text-editor\" data-id=\"db746a8\" data-element_type=\"widget\" data-e-type=\"widget\" data-widget_type=\"text-editor.default\">\n\t\t\t\t<div class=\"elementor-widget-container\">\n\t\t\t\t\t\t\t\t\t<p>Se espera que el proyecto RE-START tenga un gran impacto en sus grupos objetivo, como son estudiantes, acad\u00e9micos, formadores, emprendedores. Los estudiantes participantes obtendr\u00e1n un conocimiento empresarial desde el prisma de la econom\u00eda circular, con mejora de sus habilidades transversales, inspiraci\u00f3n y obtenci\u00f3n de consejos de empresarios y mentores exitosos; experiencia en el proceso desde una idea hasta un plan de negocios circular. Esto les ayudar\u00e1 a eludir su miedo al fracaso, hacer frente a los riesgos y ser m\u00e1s empleables. Los estudiantes se convertir\u00e1n en empresarios que podr\u00e1n usar los materiales de manera efectiva creando m\u00e1s valor, tanto por el ahorro de costos como por el desarrollo de nuevos mercados o el crecimiento de los existentes. El principal grupo objetivo que participar\u00e1 en todas las actividades a trav\u00e9s del proyecto obtendr\u00e1 un punto de acceso a incubadoras, centros de innovaci\u00f3n, consultores profesionales y expertos empresariales. Adem\u00e1s, el proyecto tiene como objetivo no s\u00f3lo ayudar a los estudiantes a desarrollar nuevas empresas, sino tambi\u00e9n mostrarles c\u00f3mo comercializar sus negocios e ideas innovadoras mediante el lanzamiento de una spin-off universitaria. Es un hecho que las universidades, como instituciones organizadas, son reacias a comercializar investigaciones innovadoras para establecer start-ups o spin-offs por su cuenta. Los acad\u00e9micos y formadores ser\u00e1n m\u00e1s competentes en la ense\u00f1anza de modelos de negocio circulares y en participar en actividades que refuercen la Econom\u00eda Circular. Startups, emprendedores, inversores e incubadoras locales podr\u00e1n explorar nuevas oportunidades colaborando con aspirantes a estudiantes con gran experiencia en la creaci\u00f3n de un modelo de negocio circular, a trav\u00e9s de lo cual es m\u00e1s probable que surjan ideas innovadoras y se conviertan en negocios rentables.<\/p>\t\t\t\t\t\t\t\t<\/div>\n\t\t\t\t<\/div>\n\t\t\t\t<div class=\"elementor-element elementor-element-4df2d66 elementor-widget elementor-widget-spacer\" data-id=\"4df2d66\" data-element_type=\"widget\" data-e-type=\"widget\" data-widget_type=\"spacer.default\">\n\t\t\t\t<div class=\"elementor-widget-container\">\n\t\t\t\t\t\t\t<div class=\"elementor-spacer\">\n\t\t\t<div class=\"elementor-spacer-inner\"><\/div>\n\t\t<\/div>\n\t\t\t\t\t\t<\/div>\n\t\t\t\t<\/div>\n\t\t\t\t\t<\/div>\n\t\t<\/div>\n\t\t\t\t\t<\/div>\n\t\t<\/section>\n\t\t\t\t<section class=\"elementor-section elementor-top-section elementor-element elementor-element-753b8b55 elementor-section-boxed elementor-section-height-default elementor-section-height-default\" data-id=\"753b8b55\" data-element_type=\"section\" data-e-type=\"section\" data-settings=\"{&quot;background_background&quot;:&quot;classic&quot;}\">\n\t\t\t\t\t\t<div class=\"elementor-container elementor-column-gap-default\">\n\t\t\t\t\t<div class=\"elementor-column elementor-col-33 elementor-top-column elementor-element elementor-element-3385360a\" data-id=\"3385360a\" data-element_type=\"column\" data-e-type=\"column\">\n\t\t\t<div class=\"elementor-widget-wrap elementor-element-populated\">\n\t\t\t\t\t\t<div class=\"elementor-element elementor-element-5accf0b3 elementor-widget elementor-widget-spacer\" data-id=\"5accf0b3\" data-element_type=\"widget\" data-e-type=\"widget\" data-widget_type=\"spacer.default\">\n\t\t\t\t<div class=\"elementor-widget-container\">\n\t\t\t\t\t\t\t<div class=\"elementor-spacer\">\n\t\t\t<div class=\"elementor-spacer-inner\"><\/div>\n\t\t<\/div>\n\t\t\t\t\t\t<\/div>\n\t\t\t\t<\/div>\n\t\t\t\t<div class=\"elementor-element elementor-element-632c35d elementor-widget elementor-widget-image\" data-id=\"632c35d\" data-element_type=\"widget\" data-e-type=\"widget\" data-widget_type=\"image.default\">\n\t\t\t\t<div class=\"elementor-widget-container\">\n\t\t\t\t\t\t\t\t\t\t\t\t\t\t\t<img decoding=\"async\" width=\"300\" height=\"63\" src=\"https:\/\/project-restart.eu\/wp-content\/uploads\/2023\/04\/EN_Co-funded_by_the_EU-transparent-300x63.png\" class=\"attachment-medium size-medium wp-image-2131\" alt=\"\" srcset=\"https:\/\/project-restart.eu\/wp-content\/uploads\/2023\/04\/EN_Co-funded_by_the_EU-transparent-300x63.png 300w, https:\/\/project-restart.eu\/wp-content\/uploads\/2023\/04\/EN_Co-funded_by_the_EU-transparent-768x161.png 768w, https:\/\/project-restart.eu\/wp-content\/uploads\/2023\/04\/EN_Co-funded_by_the_EU-transparent-720x151.png 720w, https:\/\/project-restart.eu\/wp-content\/uploads\/2023\/04\/EN_Co-funded_by_the_EU-transparent.png 1024w\" sizes=\"(max-width: 300px) 100vw, 300px\" \/>\t\t\t\t\t\t\t\t\t\t\t\t\t\t\t<\/div>\n\t\t\t\t<\/div>\n\t\t\t\t<div class=\"elementor-element elementor-element-7452223 elementor-widget elementor-widget-text-editor\" data-id=\"7452223\" data-element_type=\"widget\" data-e-type=\"widget\" data-widget_type=\"text-editor.default\">\n\t\t\t\t<div class=\"elementor-widget-container\">\n\t\t\t\t\t\t\t\t\t<p>Financiado por la Uni\u00f3n Europea. Las opiniones y puntos de vista expresados solo comprometen a su(s) autor(es) y no reflejan necesariamente los de la Uni\u00f3n Europea o los de la Comisi\u00f3n Europea. Ni la Uni\u00f3n Europea ni la Comisi\u00f3n Europea pueden ser considerados responsables de ellos..2021-1-CY01-KA220-HED-000032155<\/p>\t\t\t\t\t\t\t\t<\/div>\n\t\t\t\t<\/div>\n\t\t\t\t\t<\/div>\n\t\t<\/div>\n\t\t\t\t<div class=\"elementor-column elementor-col-33 elementor-top-column elementor-element elementor-element-30649b94\" data-id=\"30649b94\" data-element_type=\"column\" data-e-type=\"column\">\n\t\t\t<div class=\"elementor-widget-wrap\">\n\t\t\t\t\t\t\t<\/div>\n\t\t<\/div>\n\t\t\t\t<div class=\"elementor-column elementor-col-33 elementor-top-column elementor-element elementor-element-7b1dc8f7\" data-id=\"7b1dc8f7\" data-element_type=\"column\" data-e-type=\"column\">\n\t\t\t<div class=\"elementor-widget-wrap elementor-element-populated\">\n\t\t\t\t\t\t<div class=\"elementor-element elementor-element-4451060d elementor-widget elementor-widget-spacer\" data-id=\"4451060d\" data-element_type=\"widget\" data-e-type=\"widget\" data-widget_type=\"spacer.default\">\n\t\t\t\t<div class=\"elementor-widget-container\">\n\t\t\t\t\t\t\t<div class=\"elementor-spacer\">\n\t\t\t<div class=\"elementor-spacer-inner\"><\/div>\n\t\t<\/div>\n\t\t\t\t\t\t<\/div>\n\t\t\t\t<\/div>\n\t\t\t\t<div class=\"elementor-element elementor-element-3637c6c4 elementor-widget elementor-widget-image\" data-id=\"3637c6c4\" data-element_type=\"widget\" data-e-type=\"widget\" data-widget_type=\"image.default\">\n\t\t\t\t<div class=\"elementor-widget-container\">\n\t\t\t\t\t\t\t\t\t\t\t\t\t\t\t\t<a href=\"http:\/\/project-restart.eu\/\">\n\t\t\t\t\t\t\t<img decoding=\"async\" src=\"https:\/\/project-restart.eu\/wp-content\/uploads\/elementor\/thumbs\/restart-logo-xxsmall-pkhy5rhrgfd0krzoc6mvap6e4z5397771jev2x1zvs.png\" title=\"restart logo xxsmall\" alt=\"restart logo xxsmall\" loading=\"lazy\" \/>\t\t\t\t\t\t\t\t<\/a>\n\t\t\t\t\t\t\t\t\t\t\t\t\t\t\t<\/div>\n\t\t\t\t<\/div>\n\t\t\t\t<div class=\"elementor-element elementor-element-71f22922 elementor-widget elementor-widget-text-editor\" data-id=\"71f22922\" data-element_type=\"widget\" data-e-type=\"widget\" data-widget_type=\"text-editor.default\">\n\t\t\t\t<div class=\"elementor-widget-container\">\n\t\t\t\t\t\t\t\t\t<a style=\"color: white;\" href=\"http:\/\/project-restart.eu\/index.php\/terms-of-use\/\" target=\"_blank\" rel=\"noopener\">Terms of Use<\/a>\t\t\t\t\t\t\t\t<\/div>\n\t\t\t\t<\/div>\n\t\t\t\t<div class=\"elementor-element elementor-element-ff6d23b elementor-shape-circle e-grid-align-right elementor-grid-0 elementor-widget elementor-widget-social-icons\" data-id=\"ff6d23b\" data-element_type=\"widget\" data-e-type=\"widget\" data-widget_type=\"social-icons.default\">\n\t\t\t\t<div class=\"elementor-widget-container\">\n\t\t\t\t\t\t\t<div class=\"elementor-social-icons-wrapper elementor-grid\" role=\"list\">\n\t\t\t\t\t\t\t<span class=\"elementor-grid-item\" role=\"listitem\">\n\t\t\t\t\t<a class=\"elementor-icon elementor-social-icon elementor-social-icon-facebook elementor-animation-shrink elementor-repeater-item-2abba4d\" href=\"https:\/\/www.facebook.com\/restartprojecteu2\/\" target=\"_blank\">\n\t\t\t\t\t\t<span class=\"elementor-screen-only\">Facebook<\/span>\n\t\t\t\t\t\t<i aria-hidden=\"true\" class=\"fab fa-facebook\"><\/i>\t\t\t\t\t<\/a>\n\t\t\t\t<\/span>\n\t\t\t\t\t\t\t<span class=\"elementor-grid-item\" role=\"listitem\">\n\t\t\t\t\t<a class=\"elementor-icon elementor-social-icon elementor-social-icon-twitter elementor-animation-shrink elementor-repeater-item-d6da5c0\" href=\"https:\/\/twitter.com\/RESTARTPROJECT3\" target=\"_blank\">\n\t\t\t\t\t\t<span class=\"elementor-screen-only\">Twitter<\/span>\n\t\t\t\t\t\t<i aria-hidden=\"true\" class=\"fab fa-twitter\"><\/i>\t\t\t\t\t<\/a>\n\t\t\t\t<\/span>\n\t\t\t\t\t\t\t<span class=\"elementor-grid-item\" role=\"listitem\">\n\t\t\t\t\t<a class=\"elementor-icon elementor-social-icon elementor-social-icon-linkedin-in elementor-animation-shrink elementor-repeater-item-bfef515\" href=\"https:\/\/www.linkedin.com\/company\/82385956\/admin\/\" target=\"_blank\">\n\t\t\t\t\t\t<span class=\"elementor-screen-only\">Linkedin-in<\/span>\n\t\t\t\t\t\t<i aria-hidden=\"true\" class=\"fab fa-linkedin-in\"><\/i>\t\t\t\t\t<\/a>\n\t\t\t\t<\/span>\n\t\t\t\t\t\t\t<span class=\"elementor-grid-item\" role=\"listitem\">\n\t\t\t\t\t<a class=\"elementor-icon elementor-social-icon elementor-social-icon-youtube elementor-animation-shrink elementor-repeater-item-66d1f08\" href=\"https:\/\/www.youtube.com\/channel\/UCsg59Xx71UnagqYuhgFcFHQ\" target=\"_blank\">\n\t\t\t\t\t\t<span class=\"elementor-screen-only\">Youtube<\/span>\n\t\t\t\t\t\t<i aria-hidden=\"true\" class=\"fab fa-youtube\"><\/i>\t\t\t\t\t<\/a>\n\t\t\t\t<\/span>\n\t\t\t\t\t<\/div>\n\t\t\t\t\t\t<\/div>\n\t\t\t\t<\/div>\n\t\t\t\t\t<\/div>\n\t\t<\/div>\n\t\t\t\t\t<\/div>\n\t\t<\/section>\n\t\t\t\t<section class=\"elementor-section elementor-top-section elementor-element elementor-element-7c71b97 elementor-section-boxed elementor-section-height-default elementor-section-height-default\" data-id=\"7c71b97\" data-element_type=\"section\" data-e-type=\"section\" data-settings=\"{&quot;background_background&quot;:&quot;classic&quot;}\">\n\t\t\t\t\t\t<div class=\"elementor-container elementor-column-gap-default\">\n\t\t\t\t\t<div class=\"elementor-column elementor-col-100 elementor-top-column elementor-element elementor-element-317f7d0\" data-id=\"317f7d0\" data-element_type=\"column\" data-e-type=\"column\">\n\t\t\t<div class=\"elementor-widget-wrap elementor-element-populated\">\n\t\t\t\t\t\t<div class=\"elementor-element elementor-element-2b89c0c elementor-widget-divider--view-line elementor-widget elementor-widget-divider\" data-id=\"2b89c0c\" data-element_type=\"widget\" data-e-type=\"widget\" data-widget_type=\"divider.default\">\n\t\t\t\t<div class=\"elementor-widget-container\">\n\t\t\t\t\t\t\t<div class=\"elementor-divider\">\n\t\t\t<span class=\"elementor-divider-separator\">\n\t\t\t\t\t\t<\/span>\n\t\t<\/div>\n\t\t\t\t\t\t<\/div>\n\t\t\t\t<\/div>\n\t\t\t\t\t<\/div>\n\t\t<\/div>\n\t\t\t\t\t<\/div>\n\t\t<\/section>\n\t\t\t\t<section class=\"elementor-section elementor-top-section elementor-element elementor-element-4787edd elementor-section-boxed elementor-section-height-default elementor-section-height-default\" data-id=\"4787edd\" data-element_type=\"section\" data-e-type=\"section\" data-settings=\"{&quot;background_background&quot;:&quot;classic&quot;}\">\n\t\t\t\t\t\t<div class=\"elementor-container elementor-column-gap-default\">\n\t\t\t\t\t<div class=\"elementor-column elementor-col-33 elementor-top-column elementor-element elementor-element-227883c\" data-id=\"227883c\" data-element_type=\"column\" data-e-type=\"column\">\n\t\t\t<div class=\"elementor-widget-wrap elementor-element-populated\">\n\t\t\t\t\t\t<div class=\"elementor-element elementor-element-2fb7409 elementor-widget elementor-widget-text-editor\" data-id=\"2fb7409\" data-element_type=\"widget\" data-e-type=\"widget\" data-widget_type=\"text-editor.default\">\n\t\t\t\t<div class=\"elementor-widget-container\">\n\t\t\t\t\t\t\t\t\t<p>Copyright \u00a9 2022 RE-START. All Rights Reserved<\/p>\t\t\t\t\t\t\t\t<\/div>\n\t\t\t\t<\/div>\n\t\t\t\t\t<\/div>\n\t\t<\/div>\n\t\t\t\t<div class=\"elementor-column elementor-col-33 elementor-top-column elementor-element elementor-element-f3263ff\" data-id=\"f3263ff\" data-element_type=\"column\" data-e-type=\"column\">\n\t\t\t<div class=\"elementor-widget-wrap\">\n\t\t\t\t\t\t\t<\/div>\n\t\t<\/div>\n\t\t\t\t<div class=\"elementor-column elementor-col-33 elementor-top-column elementor-element elementor-element-142b779\" data-id=\"142b779\" data-element_type=\"column\" data-e-type=\"column\">\n\t\t\t<div class=\"elementor-widget-wrap elementor-element-populated\">\n\t\t\t\t\t\t<div class=\"elementor-element elementor-element-e825f21 elementor-widget elementor-widget-text-editor\" data-id=\"e825f21\" data-element_type=\"widget\" data-e-type=\"widget\" data-widget_type=\"text-editor.default\">\n\t\t\t\t<div class=\"elementor-widget-container\">\n\t\t\t\t\t\t\t\t\t<span style=\"color: white; font-size: 16px; text-align: left;\">Powered by\u00a0<\/span><a style=\"color: white; background-color: black; font-size: 16px; text-align: left;\" href=\"https:\/\/innovationhive.eu\/\" target=\"_blank\" rel=\"noopener\">Innovation Hive<\/a>\t\t\t\t\t\t\t\t<\/div>\n\t\t\t\t<\/div>\n\t\t\t\t\t<\/div>\n\t\t<\/div>\n\t\t\t\t\t<\/div>\n\t\t<\/section>\n\t\t\t\t<\/div>\n\t\t","protected":false},"excerpt":{"rendered":"<p>El Proyecto Descripci\u00f3n del Proyecto Seg\u00fan el nuevo Plan de Acci\u00f3n de Econom\u00eda Circular de la UE (2020), en la [&hellip;]<\/p>\n","protected":false},"author":1,"featured_media":0,"parent":0,"menu_order":0,"comment_status":"closed","ping_status":"closed","template":"page-templates\/template_page-builder.php","meta":{"_monsterinsights_skip_tracking":false,"_monsterinsights_sitenote_active":false,"_monsterinsights_sitenote_note":"","_monsterinsights_sitenote_category":0,"footnotes":""},"class_list":["post-548","page","type-page","status-publish","hentry"],"aioseo_notices":[],"_links":{"self":[{"href":"https:\/\/project-restart.eu\/index.php\/wp-json\/wp\/v2\/pages\/548","targetHints":{"allow":["GET"]}}],"collection":[{"href":"https:\/\/project-restart.eu\/index.php\/wp-json\/wp\/v2\/pages"}],"about":[{"href":"https:\/\/project-restart.eu\/index.php\/wp-json\/wp\/v2\/types\/page"}],"author":[{"embeddable":true,"href":"https:\/\/project-restart.eu\/index.php\/wp-json\/wp\/v2\/users\/1"}],"replies":[{"embeddable":true,"href":"https:\/\/project-restart.eu\/index.php\/wp-json\/wp\/v2\/comments?post=548"}],"version-history":[{"count":50,"href":"https:\/\/project-restart.eu\/index.php\/wp-json\/wp\/v2\/pages\/548\/revisions"}],"predecessor-version":[{"id":3464,"href":"https:\/\/project-restart.eu\/index.php\/wp-json\/wp\/v2\/pages\/548\/revisions\/3464"}],"wp:attachment":[{"href":"https:\/\/project-restart.eu\/index.php\/wp-json\/wp\/v2\/media?parent=548"}],"curies":[{"name":"wp","href":"https:\/\/api.w.org\/{rel}","templated":true}]}}