{"id":3135,"date":"2023-12-04T12:51:12","date_gmt":"2023-12-04T12:51:12","guid":{"rendered":"https:\/\/project-restart.eu\/?page_id=3135"},"modified":"2024-02-23T09:56:21","modified_gmt":"2024-02-23T09:56:21","slug":"marnowanie-i-odpady-zywnosciowe-korzysci-plynace-z-gospodarki-o-obiegu-zamknietym","status":"publish","type":"page","link":"https:\/\/project-restart.eu\/index.php\/pl\/marnowanie-i-odpady-zywnosciowe-korzysci-plynace-z-gospodarki-o-obiegu-zamknietym\/","title":{"rendered":"Marnowanie i odpady \u017cywno\u015bciowe: korzy\u015bci p\u0142yn\u0105ce z gospodarki o obiegu zamkni\u0119tym"},"content":{"rendered":"\t\t<div data-elementor-type=\"wp-page\" data-elementor-id=\"3135\" class=\"elementor elementor-3135\">\n\t\t\t\t\t\t<section class=\"elementor-section elementor-top-section elementor-element elementor-element-90cc2f4 elementor-section-boxed elementor-section-height-default elementor-section-height-default\" data-id=\"90cc2f4\" data-element_type=\"section\" data-e-type=\"section\" data-settings=\"{&quot;background_background&quot;:&quot;classic&quot;,&quot;shape_divider_bottom&quot;:&quot;curve&quot;,&quot;shape_divider_bottom_negative&quot;:&quot;yes&quot;}\">\n\t\t\t\t\t\t\t<div class=\"elementor-background-overlay\"><\/div>\n\t\t\t\t\t\t<div class=\"elementor-shape elementor-shape-bottom\" aria-hidden=\"true\" data-negative=\"true\">\n\t\t\t<svg xmlns=\"http:\/\/www.w3.org\/2000\/svg\" viewBox=\"0 0 1000 100\" preserveAspectRatio=\"none\">\n\t<path class=\"elementor-shape-fill\" d=\"M500,97C126.7,96.3,0.8,19.8,0,0v100l1000,0V1C1000,19.4,873.3,97.8,500,97z\"\/>\n<\/svg>\t\t<\/div>\n\t\t\t\t\t<div class=\"elementor-container elementor-column-gap-default\">\n\t\t\t\t\t<div class=\"elementor-column elementor-col-100 elementor-top-column elementor-element elementor-element-925da79\" data-id=\"925da79\" data-element_type=\"column\" data-e-type=\"column\">\n\t\t\t<div class=\"elementor-widget-wrap elementor-element-populated\">\n\t\t\t\t\t\t<div class=\"elementor-element elementor-element-17e7552 elementor-widget elementor-widget-spacer\" data-id=\"17e7552\" data-element_type=\"widget\" data-e-type=\"widget\" data-widget_type=\"spacer.default\">\n\t\t\t\t<div class=\"elementor-widget-container\">\n\t\t\t\t\t\t\t<div class=\"elementor-spacer\">\n\t\t\t<div class=\"elementor-spacer-inner\"><\/div>\n\t\t<\/div>\n\t\t\t\t\t\t<\/div>\n\t\t\t\t<\/div>\n\t\t\t\t<div class=\"elementor-element elementor-element-61587e9 elementor-widget elementor-widget-heading\" data-id=\"61587e9\" data-element_type=\"widget\" data-e-type=\"widget\" data-widget_type=\"heading.default\">\n\t\t\t\t<div class=\"elementor-widget-container\">\n\t\t\t\t\t<h1 class=\"elementor-heading-title elementor-size-default\">Marnowanie i odpady \u017cywno\u015bciowe: korzy\u015bci p\u0142yn\u0105ce z gospodarki o obiegu zamkni\u0119tym<\/h1>\t\t\t\t<\/div>\n\t\t\t\t<\/div>\n\t\t\t\t<div class=\"elementor-element elementor-element-7b02377 elementor-widget elementor-widget-spacer\" data-id=\"7b02377\" data-element_type=\"widget\" data-e-type=\"widget\" data-widget_type=\"spacer.default\">\n\t\t\t\t<div class=\"elementor-widget-container\">\n\t\t\t\t\t\t\t<div class=\"elementor-spacer\">\n\t\t\t<div class=\"elementor-spacer-inner\"><\/div>\n\t\t<\/div>\n\t\t\t\t\t\t<\/div>\n\t\t\t\t<\/div>\n\t\t\t\t\t<\/div>\n\t\t<\/div>\n\t\t\t\t\t<\/div>\n\t\t<\/section>\n\t\t\t\t<section class=\"elementor-section elementor-top-section elementor-element elementor-element-0183fd0 elementor-section-boxed elementor-section-height-default elementor-section-height-default\" data-id=\"0183fd0\" data-element_type=\"section\" data-e-type=\"section\">\n\t\t\t\t\t\t<div class=\"elementor-container elementor-column-gap-default\">\n\t\t\t\t\t<div class=\"elementor-column elementor-col-100 elementor-top-column elementor-element elementor-element-875ee2f\" data-id=\"875ee2f\" data-element_type=\"column\" data-e-type=\"column\">\n\t\t\t<div class=\"elementor-widget-wrap elementor-element-populated\">\n\t\t\t\t\t\t<div class=\"elementor-element elementor-element-26b215a elementor-widget elementor-widget-spacer\" data-id=\"26b215a\" data-element_type=\"widget\" data-e-type=\"widget\" data-widget_type=\"spacer.default\">\n\t\t\t\t<div class=\"elementor-widget-container\">\n\t\t\t\t\t\t\t<div class=\"elementor-spacer\">\n\t\t\t<div class=\"elementor-spacer-inner\"><\/div>\n\t\t<\/div>\n\t\t\t\t\t\t<\/div>\n\t\t\t\t<\/div>\n\t\t\t\t<div class=\"elementor-element elementor-element-9dcbe05 elementor-widget elementor-widget-text-editor\" data-id=\"9dcbe05\" data-element_type=\"widget\" data-e-type=\"widget\" data-widget_type=\"text-editor.default\">\n\t\t\t\t<div class=\"elementor-widget-container\">\n\t\t\t\t\t\t\t\t\t<p><span style=\"font-weight: 400;\">Przewiduje si\u0119, \u017ce wraz ze wzrostem liczby ludno\u015bci na \u015bwiecie wzro\u015bnie zar\u00f3wno produkcja odpad\u00f3w, jak i konsumpcja \u017cywno\u015bci. Marnowanie i utrata \u017cywno\u015bci maj\u0105 zar\u00f3wno negatywny wp\u0142yw na \u015brodowisko, jak i gospodark\u0119, przyczyniaj\u0105c si\u0119 do emisji gaz\u00f3w cieplarnianych (GHG) na \u015bwiecie i utraty r\u00f3\u017cnorodno\u015bci biologicznej[1].<\/span><\/p><p><b>Oko\u0142o 14 procent \u017cywno\u015bci, kt\u00f3r\u0105 produkujemy ka\u017cdego roku, jest tracone podczas produkcji i dystrybucji, podczas gdy kolejne 17 procent jest marnowane przez sprzedawc\u00f3w detalicznych i konsument\u00f3w. \u00a9FAO\/Miguel Schincariol<\/b><\/p><p><span style=\"font-weight: 400;\">Liniowy model ekonomiczny to system &#8220;bierz, wytwarzaj, u\u017cywaj, wyrzucaj&#8221;, w kt\u00f3rym produkty s\u0105 wytwarzane, u\u017cywane, a nast\u0119pnie wyrzucane jako \u015bmieci. W rezultacie oczekuje si\u0119, \u017ce warto\u015b\u0107 zasob\u00f3w i towar\u00f3w spadnie, ceny b\u0119d\u0105 si\u0119 waha\u0107 z powodu niedobor\u00f3w zasob\u00f3w, a poda\u017c surowc\u00f3w b\u0119dzie niestabilna z powodu nadmiernej konsumpcji. W ci\u0105g\u0142o\u015bci powstaje emisja gaz\u00f3w cieplarnianych, kt\u00f3ra przyczynia si\u0119 do degradacji \u015brodowiska i zmian klimatycznych[2].<\/span><\/p><p><span style=\"font-weight: 400;\">Jednak w modelu gospodarki o obiegu zamkni\u0119tym dzia\u0142ania na ka\u017cdym etapie \u0142a\u0144cucha warto\u015bci \u017cywno\u015bci maj\u0105 na celu przywr\u00f3cenie statusu ca\u0142ego systemu poprzez wyeliminowanie idei marnotrawstwa. W ten spos\u00f3b ten model gospodarki tworzy dodatkowe mo\u017cliwo\u015bci gospodarcze i produkty, kt\u00f3re mog\u0105 by\u0107 wykorzystywane w systemach i spo\u0142ecze\u0144stwie. Fundacja Ellen Macarthur wyja\u015bnia gospodark\u0119 o obiegu zamkni\u0119tym na poni\u017cszym diagramie. Ponadto Cel Zr\u00f3wnowa\u017conego Rozwoju 12 koncentruje si\u0119 na ograniczeniu marnotrawstwa i strat \u017cywno\u015bci na poziomie produkcji, konsumpcji i sprzeda\u017cy detalicznej[3].<\/span><\/p>\t\t\t\t\t\t\t\t<\/div>\n\t\t\t\t<\/div>\n\t\t\t\t<section class=\"elementor-section elementor-inner-section elementor-element elementor-element-93d38a8 elementor-section-boxed elementor-section-height-default elementor-section-height-default\" data-id=\"93d38a8\" data-element_type=\"section\" data-e-type=\"section\">\n\t\t\t\t\t\t<div class=\"elementor-container elementor-column-gap-default\">\n\t\t\t\t\t<div class=\"elementor-column elementor-col-100 elementor-inner-column elementor-element elementor-element-e16a538\" data-id=\"e16a538\" data-element_type=\"column\" data-e-type=\"column\">\n\t\t\t<div class=\"elementor-widget-wrap elementor-element-populated\">\n\t\t\t\t\t\t<div class=\"elementor-element elementor-element-453a7c8 elementor-widget elementor-widget-image\" data-id=\"453a7c8\" data-element_type=\"widget\" data-e-type=\"widget\" data-widget_type=\"image.default\">\n\t\t\t\t<div class=\"elementor-widget-container\">\n\t\t\t\t\t\t\t\t\t\t\t\t\t\t\t<img fetchpriority=\"high\" decoding=\"async\" width=\"344\" height=\"246\" src=\"https:\/\/project-restart.eu\/wp-content\/uploads\/2022\/10\/Pictureef1.png\" class=\"attachment-large size-large wp-image-1578\" alt=\"\" srcset=\"https:\/\/project-restart.eu\/wp-content\/uploads\/2022\/10\/Pictureef1.png 344w, https:\/\/project-restart.eu\/wp-content\/uploads\/2022\/10\/Pictureef1-300x215.png 300w\" sizes=\"(max-width: 344px) 100vw, 344px\" \/>\t\t\t\t\t\t\t\t\t\t\t\t\t\t\t<\/div>\n\t\t\t\t<\/div>\n\t\t\t\t<div class=\"elementor-element elementor-element-32e98a7 elementor-widget elementor-widget-text-editor\" data-id=\"32e98a7\" data-element_type=\"widget\" data-e-type=\"widget\" data-widget_type=\"text-editor.default\">\n\t\t\t\t<div class=\"elementor-widget-container\">\n\t\t\t\t\t\t\t\t\t<p>Ellen Macarthur Foundation: FOOD AND THE CIRCULAR ECONOMY [4]<\/p>\t\t\t\t\t\t\t\t<\/div>\n\t\t\t\t<\/div>\n\t\t\t\t\t<\/div>\n\t\t<\/div>\n\t\t\t\t\t<\/div>\n\t\t<\/section>\n\t\t\t\t<div class=\"elementor-element elementor-element-dfab6a6 elementor-widget elementor-widget-text-editor\" data-id=\"dfab6a6\" data-element_type=\"widget\" data-e-type=\"widget\" data-widget_type=\"text-editor.default\">\n\t\t\t\t<div class=\"elementor-widget-container\">\n\t\t\t\t\t\t\t\t\t<p><b><i>1<\/i><\/b><i><span style=\"font-weight: 400;\"> Fundacja Ellen Macarthur: \u017bYWNO\u015a\u0106 I GOSPODARKA O OBIEGU ZAMKNI\u0118TYM [4]<\/span><\/i><\/p><p><b>Korzy\u015bci p\u0142yn\u0105ce z gospodarki \u017cywno\u015bciowej o obiegu zamkni\u0119tym[5]:<\/b><\/p><p><b>Na etapie produkcji:<\/b><\/p><p><span style=\"font-weight: 400;\">Straty \u017cywno\u015bci na poziomie gospodarstw rolnych s\u0105 w du\u017cej mierze wynikiem trudno\u015bci z przechowywaniem plon\u00f3w, sztywnych um\u00f3w z nabywcami i rolniczymi produktami ubocznymi. Rolnicy i producenci mog\u0105 pom\u00f3c w przej\u015bciu na gospodark\u0119 o obiegu zamkni\u0119tym, optymalizuj\u0105c swoje dzia\u0142ania, stosuj\u0105c techniki regeneracyjne, redukuj\u0105c strumienie odpad\u00f3w i znajduj\u0105c nowe zastosowania dla produkt\u00f3w, kt\u00f3re zazwyczaj s\u0105 wyrzucane.<\/span><span style=\"font-weight: 400;\"><br \/><\/span><\/p>\t\t\t\t\t\t\t\t<\/div>\n\t\t\t\t<\/div>\n\t\t\t\t<div class=\"elementor-element elementor-element-a3479b4 elementor-widget-divider--view-line elementor-widget elementor-widget-divider\" data-id=\"a3479b4\" data-element_type=\"widget\" data-e-type=\"widget\" data-widget_type=\"divider.default\">\n\t\t\t\t<div class=\"elementor-widget-container\">\n\t\t\t\t\t\t\t<div class=\"elementor-divider\">\n\t\t\t<span class=\"elementor-divider-separator\">\n\t\t\t\t\t\t<\/span>\n\t\t<\/div>\n\t\t\t\t\t\t<\/div>\n\t\t\t\t<\/div>\n\t\t\t\t<div class=\"elementor-element elementor-element-d515c1c elementor-widget elementor-widget-text-editor\" data-id=\"d515c1c\" data-element_type=\"widget\" data-e-type=\"widget\" data-widget_type=\"text-editor.default\">\n\t\t\t\t<div class=\"elementor-widget-container\">\n\t\t\t\t\t\t\t\t\t<p><span style=\"font-weight: 400;\">Korzy\u015bci p\u0142yn\u0105ce z gospodarki o obiegu zamkni\u0119tym dla rolnik\u00f3w, zar\u00f3wno pod wzgl\u0119dem ekonomicznym, jak i \u015brodowiskowym, zosta\u0142y r\u00f3wnie\u017c podkre\u015blone w europejskiej strategii &#8220;od pola do sto\u0142u&#8221;. Strategia ta wyja\u015bnia, \u017ce rolnicy mog\u0105 zwi\u0119ksza\u0107 przychody i generowa\u0107 miejsca pracy, wykorzystuj\u0105c mo\u017cliwo\u015bci stosowania nawoz\u00f3w organicznych, pasz bia\u0142kowych, strumieni odpad\u00f3w i energii odnawialnej[6].<\/span><\/p><p><b>Na etapie konsumpcji:<\/b><span style=\"font-weight: 400;\"><br \/><\/span><span style=\"font-weight: 400;\">Wed\u0142ug Wska\u017anika Marnotrawstwa \u017bywno\u015bci UNEP, przedsi\u0119biorstwa handlu detalicznego i us\u0142ugi gastronomiczne marnuj\u0105 odpowiednio 5% i 2% ca\u0142kowitej ilo\u015bci \u017cywno\u015bci dost\u0119pnej na etapie konsumpcji w \u0142a\u0144cuchu dostaw[7].<\/span><\/p><p><span style=\"font-weight: 400;\">Kurs ONZ na temat zapobiegania marnotrawieniu \u017cywno\u015bci wyja\u015bnia, jak mierzy\u0107 i raportowa\u0107 marnotrawstwo \u017cywno\u015bci w r\u00f3\u017cnych punktach \u0142a\u0144cucha \u017cywno\u015bciowego oraz jak podejmowa\u0107 skuteczne dzia\u0142ania zapobiegawcze[8].<\/span><\/p><p><span style=\"font-weight: 400;\">EIT Orbisk pracuje r\u00f3wnie\u017c nad ograniczeniem marnotrawstwa \u017cywno\u015bci w restauracjach. Orbisk integruje inteligentne kamery, wagi i pojemniki na odpady, wykorzystuj\u0105c technologi\u0119 AI do \u015bledzenia marnotrawstwa \u017cywno\u015bci a\u017c do poziomu sk\u0142adnik\u00f3w. Ma to na celu pom\u00f3c restauracjom zmniejszy\u0107 ilo\u015b\u0107 odpad\u00f3w i zwi\u0119kszy\u0107 mar\u017ce zysku, pomagaj\u0105c im podejmowa\u0107 bardziej \u015bwiadome decyzje dotycz\u0105ce tego, kiedy i ile \u017cywno\u015bci kupi\u0107[9].<\/span><\/p><p><span style=\"font-weight: 400;\">Zastrze\u017cenie: Ten projekt jest finansowany przy wsparciu Komisji Europejskiej. Informacje i pogl\u0105dy przedstawione w niniejszym dokumencie s\u0105 pogl\u0105dami autora (autor\u00f3w) i niekoniecznie odzwierciedlaj\u0105 oficjaln\u0105 opini\u0119 Komisji Europejskiej. Ani instytucje Unii Europejskiej, ani \u017cadna osoba dzia\u0142aj\u0105ca w ich imieniu nie mo\u017ce by\u0107 poci\u0105gni\u0119ta do odpowiedzialno\u015bci za wykorzystanie informacji zawartych w niniejszym dokumencie.<\/span><span style=\"font-weight: 400;\"><br \/><\/span><span style=\"font-weight: 400;\"><br \/><\/span><span style=\"font-weight: 400;\">Dostarczone przez GrantXpert<\/span><span style=\"font-weight: 400;\"><br \/><\/span><\/p>\t\t\t\t\t\t\t\t<\/div>\n\t\t\t\t<\/div>\n\t\t\t\t<div class=\"elementor-element elementor-element-4e32ae3 elementor-widget elementor-widget-spacer\" data-id=\"4e32ae3\" data-element_type=\"widget\" data-e-type=\"widget\" data-widget_type=\"spacer.default\">\n\t\t\t\t<div class=\"elementor-widget-container\">\n\t\t\t\t\t\t\t<div class=\"elementor-spacer\">\n\t\t\t<div class=\"elementor-spacer-inner\"><\/div>\n\t\t<\/div>\n\t\t\t\t\t\t<\/div>\n\t\t\t\t<\/div>\n\t\t\t\t\t<\/div>\n\t\t<\/div>\n\t\t\t\t\t<\/div>\n\t\t<\/section>\n\t\t\t\t<section class=\"elementor-section elementor-top-section elementor-element elementor-element-0d76723 elementor-section-boxed elementor-section-height-default elementor-section-height-default\" data-id=\"0d76723\" data-element_type=\"section\" data-e-type=\"section\" data-settings=\"{&quot;background_background&quot;:&quot;classic&quot;}\">\n\t\t\t\t\t\t<div class=\"elementor-container elementor-column-gap-default\">\n\t\t\t\t\t<div class=\"elementor-column elementor-col-33 elementor-top-column elementor-element elementor-element-ecbb637\" data-id=\"ecbb637\" data-element_type=\"column\" data-e-type=\"column\">\n\t\t\t<div class=\"elementor-widget-wrap elementor-element-populated\">\n\t\t\t\t\t\t<div class=\"elementor-element elementor-element-5481ed0 elementor-widget elementor-widget-spacer\" data-id=\"5481ed0\" data-element_type=\"widget\" data-e-type=\"widget\" data-widget_type=\"spacer.default\">\n\t\t\t\t<div class=\"elementor-widget-container\">\n\t\t\t\t\t\t\t<div class=\"elementor-spacer\">\n\t\t\t<div class=\"elementor-spacer-inner\"><\/div>\n\t\t<\/div>\n\t\t\t\t\t\t<\/div>\n\t\t\t\t<\/div>\n\t\t\t\t<div class=\"elementor-element elementor-element-b4b5fa3 elementor-widget elementor-widget-image\" data-id=\"b4b5fa3\" data-element_type=\"widget\" data-e-type=\"widget\" data-widget_type=\"image.default\">\n\t\t\t\t<div class=\"elementor-widget-container\">\n\t\t\t\t\t\t\t\t\t\t\t\t\t\t\t<img decoding=\"async\" width=\"300\" height=\"63\" src=\"https:\/\/project-restart.eu\/wp-content\/uploads\/2023\/04\/EN_Co-funded_by_the_EU-transparent-300x63.png\" class=\"attachment-medium size-medium wp-image-2131\" alt=\"\" srcset=\"https:\/\/project-restart.eu\/wp-content\/uploads\/2023\/04\/EN_Co-funded_by_the_EU-transparent-300x63.png 300w, https:\/\/project-restart.eu\/wp-content\/uploads\/2023\/04\/EN_Co-funded_by_the_EU-transparent-768x161.png 768w, https:\/\/project-restart.eu\/wp-content\/uploads\/2023\/04\/EN_Co-funded_by_the_EU-transparent-720x151.png 720w, https:\/\/project-restart.eu\/wp-content\/uploads\/2023\/04\/EN_Co-funded_by_the_EU-transparent.png 1024w\" sizes=\"(max-width: 300px) 100vw, 300px\" \/>\t\t\t\t\t\t\t\t\t\t\t\t\t\t\t<\/div>\n\t\t\t\t<\/div>\n\t\t\t\t<div class=\"elementor-element elementor-element-4090852 elementor-widget elementor-widget-text-editor\" data-id=\"4090852\" data-element_type=\"widget\" data-e-type=\"widget\" data-widget_type=\"text-editor.default\">\n\t\t\t\t<div class=\"elementor-widget-container\">\n\t\t\t\t\t\t\t\t\t<p>Sfinansowane ze \u015brodk\u00f3w UE. Wyra\u017cone pogl\u0105dy i opinie s\u0105 jedynie opiniami autora lub autor\u00f3w i niekoniecznie odzwierciedlaj\u0105 pogl\u0105dy i opinie Unii Europejskiej lub European Commission. Unia Europejska ani European Commission nie ponosz\u0105 za nie odpowiedzialno\u015bci. 2021-1-CY01-KA220-HED-000032155<\/p>\t\t\t\t\t\t\t\t<\/div>\n\t\t\t\t<\/div>\n\t\t\t\t\t<\/div>\n\t\t<\/div>\n\t\t\t\t<div class=\"elementor-column elementor-col-33 elementor-top-column elementor-element elementor-element-e263ebb\" data-id=\"e263ebb\" data-element_type=\"column\" data-e-type=\"column\">\n\t\t\t<div class=\"elementor-widget-wrap\">\n\t\t\t\t\t\t\t<\/div>\n\t\t<\/div>\n\t\t\t\t<div class=\"elementor-column elementor-col-33 elementor-top-column elementor-element elementor-element-ee9a733\" data-id=\"ee9a733\" data-element_type=\"column\" data-e-type=\"column\">\n\t\t\t<div class=\"elementor-widget-wrap elementor-element-populated\">\n\t\t\t\t\t\t<div class=\"elementor-element elementor-element-0fd1ec0 elementor-widget elementor-widget-spacer\" data-id=\"0fd1ec0\" data-element_type=\"widget\" data-e-type=\"widget\" data-widget_type=\"spacer.default\">\n\t\t\t\t<div class=\"elementor-widget-container\">\n\t\t\t\t\t\t\t<div class=\"elementor-spacer\">\n\t\t\t<div class=\"elementor-spacer-inner\"><\/div>\n\t\t<\/div>\n\t\t\t\t\t\t<\/div>\n\t\t\t\t<\/div>\n\t\t\t\t<div class=\"elementor-element elementor-element-10330fe elementor-widget elementor-widget-image\" data-id=\"10330fe\" data-element_type=\"widget\" data-e-type=\"widget\" data-widget_type=\"image.default\">\n\t\t\t\t<div class=\"elementor-widget-container\">\n\t\t\t\t\t\t\t\t\t\t\t\t\t\t\t\t<a href=\"http:\/\/project-restart.eu\/\">\n\t\t\t\t\t\t\t<img decoding=\"async\" src=\"https:\/\/project-restart.eu\/wp-content\/uploads\/elementor\/thumbs\/restart-logo-xxsmall-pkhy5rhrgfd0krzoc6mvap6e4z5397771jev2x1zvs.png\" title=\"restart logo xxsmall\" alt=\"restart logo xxsmall\" loading=\"lazy\" \/>\t\t\t\t\t\t\t\t<\/a>\n\t\t\t\t\t\t\t\t\t\t\t\t\t\t\t<\/div>\n\t\t\t\t<\/div>\n\t\t\t\t<div class=\"elementor-element elementor-element-8cd69b2 elementor-widget elementor-widget-text-editor\" data-id=\"8cd69b2\" data-element_type=\"widget\" data-e-type=\"widget\" data-widget_type=\"text-editor.default\">\n\t\t\t\t<div class=\"elementor-widget-container\">\n\t\t\t\t\t\t\t\t\t<a style=\"color: white;\" href=\"http:\/\/project-restart.eu\/index.php\/terms-of-use\/\" target=\"_blank\" rel=\"noopener\">Terms of Use<\/a>\t\t\t\t\t\t\t\t<\/div>\n\t\t\t\t<\/div>\n\t\t\t\t<div class=\"elementor-element elementor-element-4cc011d elementor-shape-circle e-grid-align-right elementor-grid-0 elementor-widget elementor-widget-social-icons\" data-id=\"4cc011d\" data-element_type=\"widget\" data-e-type=\"widget\" data-widget_type=\"social-icons.default\">\n\t\t\t\t<div class=\"elementor-widget-container\">\n\t\t\t\t\t\t\t<div class=\"elementor-social-icons-wrapper elementor-grid\" role=\"list\">\n\t\t\t\t\t\t\t<span class=\"elementor-grid-item\" role=\"listitem\">\n\t\t\t\t\t<a class=\"elementor-icon elementor-social-icon elementor-social-icon-facebook elementor-animation-shrink elementor-repeater-item-2abba4d\" href=\"https:\/\/www.facebook.com\/restartprojecteu2\/\" target=\"_blank\">\n\t\t\t\t\t\t<span class=\"elementor-screen-only\">Facebook<\/span>\n\t\t\t\t\t\t<i aria-hidden=\"true\" class=\"fab fa-facebook\"><\/i>\t\t\t\t\t<\/a>\n\t\t\t\t<\/span>\n\t\t\t\t\t\t\t<span class=\"elementor-grid-item\" role=\"listitem\">\n\t\t\t\t\t<a class=\"elementor-icon elementor-social-icon elementor-social-icon-twitter elementor-animation-shrink elementor-repeater-item-d6da5c0\" href=\"https:\/\/twitter.com\/RESTARTPROJECT3\" target=\"_blank\">\n\t\t\t\t\t\t<span class=\"elementor-screen-only\">Twitter<\/span>\n\t\t\t\t\t\t<i aria-hidden=\"true\" class=\"fab fa-twitter\"><\/i>\t\t\t\t\t<\/a>\n\t\t\t\t<\/span>\n\t\t\t\t\t\t\t<span class=\"elementor-grid-item\" role=\"listitem\">\n\t\t\t\t\t<a class=\"elementor-icon elementor-social-icon elementor-social-icon-linkedin-in elementor-animation-shrink elementor-repeater-item-bfef515\" href=\"https:\/\/www.linkedin.com\/company\/82385956\/admin\/\" target=\"_blank\">\n\t\t\t\t\t\t<span class=\"elementor-screen-only\">Linkedin-in<\/span>\n\t\t\t\t\t\t<i aria-hidden=\"true\" class=\"fab fa-linkedin-in\"><\/i>\t\t\t\t\t<\/a>\n\t\t\t\t<\/span>\n\t\t\t\t\t\t\t<span class=\"elementor-grid-item\" role=\"listitem\">\n\t\t\t\t\t<a class=\"elementor-icon elementor-social-icon elementor-social-icon-youtube elementor-animation-shrink elementor-repeater-item-66d1f08\" href=\"https:\/\/www.youtube.com\/channel\/UCsg59Xx71UnagqYuhgFcFHQ\" target=\"_blank\">\n\t\t\t\t\t\t<span class=\"elementor-screen-only\">Youtube<\/span>\n\t\t\t\t\t\t<i aria-hidden=\"true\" class=\"fab fa-youtube\"><\/i>\t\t\t\t\t<\/a>\n\t\t\t\t<\/span>\n\t\t\t\t\t<\/div>\n\t\t\t\t\t\t<\/div>\n\t\t\t\t<\/div>\n\t\t\t\t\t<\/div>\n\t\t<\/div>\n\t\t\t\t\t<\/div>\n\t\t<\/section>\n\t\t\t\t<section class=\"elementor-section elementor-top-section elementor-element elementor-element-24a415c elementor-section-boxed elementor-section-height-default elementor-section-height-default\" data-id=\"24a415c\" data-element_type=\"section\" data-e-type=\"section\" data-settings=\"{&quot;background_background&quot;:&quot;classic&quot;}\">\n\t\t\t\t\t\t<div class=\"elementor-container elementor-column-gap-default\">\n\t\t\t\t\t<div class=\"elementor-column elementor-col-100 elementor-top-column elementor-element elementor-element-8cffc17\" data-id=\"8cffc17\" data-element_type=\"column\" data-e-type=\"column\">\n\t\t\t<div class=\"elementor-widget-wrap elementor-element-populated\">\n\t\t\t\t\t\t<div class=\"elementor-element elementor-element-8ce2fc4 elementor-widget-divider--view-line elementor-widget elementor-widget-divider\" data-id=\"8ce2fc4\" data-element_type=\"widget\" data-e-type=\"widget\" data-widget_type=\"divider.default\">\n\t\t\t\t<div class=\"elementor-widget-container\">\n\t\t\t\t\t\t\t<div class=\"elementor-divider\">\n\t\t\t<span class=\"elementor-divider-separator\">\n\t\t\t\t\t\t<\/span>\n\t\t<\/div>\n\t\t\t\t\t\t<\/div>\n\t\t\t\t<\/div>\n\t\t\t\t\t<\/div>\n\t\t<\/div>\n\t\t\t\t\t<\/div>\n\t\t<\/section>\n\t\t\t\t<section class=\"elementor-section elementor-top-section elementor-element elementor-element-5f57e31 elementor-section-boxed elementor-section-height-default elementor-section-height-default\" data-id=\"5f57e31\" data-element_type=\"section\" data-e-type=\"section\" data-settings=\"{&quot;background_background&quot;:&quot;classic&quot;}\">\n\t\t\t\t\t\t<div class=\"elementor-container elementor-column-gap-default\">\n\t\t\t\t\t<div class=\"elementor-column elementor-col-33 elementor-top-column elementor-element elementor-element-3d0c9a7\" data-id=\"3d0c9a7\" data-element_type=\"column\" data-e-type=\"column\">\n\t\t\t<div class=\"elementor-widget-wrap elementor-element-populated\">\n\t\t\t\t\t\t<div class=\"elementor-element elementor-element-368c44a elementor-widget elementor-widget-text-editor\" data-id=\"368c44a\" data-element_type=\"widget\" data-e-type=\"widget\" data-widget_type=\"text-editor.default\">\n\t\t\t\t<div class=\"elementor-widget-container\">\n\t\t\t\t\t\t\t\t\t<p>Copyright \u00a9 2022 RE-START. All Rights Reserved<\/p>\t\t\t\t\t\t\t\t<\/div>\n\t\t\t\t<\/div>\n\t\t\t\t\t<\/div>\n\t\t<\/div>\n\t\t\t\t<div class=\"elementor-column elementor-col-33 elementor-top-column elementor-element elementor-element-90140f3\" data-id=\"90140f3\" data-element_type=\"column\" data-e-type=\"column\">\n\t\t\t<div class=\"elementor-widget-wrap\">\n\t\t\t\t\t\t\t<\/div>\n\t\t<\/div>\n\t\t\t\t<div class=\"elementor-column elementor-col-33 elementor-top-column elementor-element elementor-element-9ff63c7\" data-id=\"9ff63c7\" data-element_type=\"column\" data-e-type=\"column\">\n\t\t\t<div class=\"elementor-widget-wrap elementor-element-populated\">\n\t\t\t\t\t\t<div class=\"elementor-element elementor-element-b5e3277 elementor-widget elementor-widget-text-editor\" data-id=\"b5e3277\" data-element_type=\"widget\" data-e-type=\"widget\" data-widget_type=\"text-editor.default\">\n\t\t\t\t<div class=\"elementor-widget-container\">\n\t\t\t\t\t\t\t\t\t<span style=\"color: white; font-size: 16px; text-align: left;\">Powered by\u00a0<\/span><a style=\"color: white; background-color: black; font-size: 16px; text-align: left;\" href=\"https:\/\/innovationhive.eu\/\" target=\"_blank\" rel=\"noopener\">Innovation Hive<\/a>\t\t\t\t\t\t\t\t<\/div>\n\t\t\t\t<\/div>\n\t\t\t\t\t<\/div>\n\t\t<\/div>\n\t\t\t\t\t<\/div>\n\t\t<\/section>\n\t\t\t\t<\/div>\n\t\t","protected":false},"excerpt":{"rendered":"<p>Marnowanie i odpady \u017cywno\u015bciowe: korzy\u015bci p\u0142yn\u0105ce z gospodarki o obiegu zamkni\u0119tym Przewiduje si\u0119, \u017ce wraz ze wzrostem liczby ludno\u015bci na [&hellip;]<\/p>\n","protected":false},"author":1,"featured_media":0,"parent":0,"menu_order":0,"comment_status":"closed","ping_status":"closed","template":"page-templates\/template_page-builder.php","meta":{"_monsterinsights_skip_tracking":false,"_monsterinsights_sitenote_active":false,"_monsterinsights_sitenote_note":"","_monsterinsights_sitenote_category":0,"footnotes":""},"class_list":["post-3135","page","type-page","status-publish","hentry"],"aioseo_notices":[],"_links":{"self":[{"href":"https:\/\/project-restart.eu\/index.php\/wp-json\/wp\/v2\/pages\/3135","targetHints":{"allow":["GET"]}}],"collection":[{"href":"https:\/\/project-restart.eu\/index.php\/wp-json\/wp\/v2\/pages"}],"about":[{"href":"https:\/\/project-restart.eu\/index.php\/wp-json\/wp\/v2\/types\/page"}],"author":[{"embeddable":true,"href":"https:\/\/project-restart.eu\/index.php\/wp-json\/wp\/v2\/users\/1"}],"replies":[{"embeddable":true,"href":"https:\/\/project-restart.eu\/index.php\/wp-json\/wp\/v2\/comments?post=3135"}],"version-history":[{"count":7,"href":"https:\/\/project-restart.eu\/index.php\/wp-json\/wp\/v2\/pages\/3135\/revisions"}],"predecessor-version":[{"id":3596,"href":"https:\/\/project-restart.eu\/index.php\/wp-json\/wp\/v2\/pages\/3135\/revisions\/3596"}],"wp:attachment":[{"href":"https:\/\/project-restart.eu\/index.php\/wp-json\/wp\/v2\/media?parent=3135"}],"curies":[{"name":"wp","href":"https:\/\/api.w.org\/{rel}","templated":true}]}}