{"id":3082,"date":"2023-12-04T12:26:44","date_gmt":"2023-12-04T12:26:44","guid":{"rendered":"https:\/\/project-restart.eu\/?page_id=3082"},"modified":"2024-02-23T09:56:36","modified_gmt":"2024-02-23T09:56:36","slug":"przeksztalcanie-pomyslow-biznesowych-w-zrownowazone-zielone-start-upy-rola-projektu-re-start","status":"publish","type":"page","link":"https:\/\/project-restart.eu\/index.php\/pl\/przeksztalcanie-pomyslow-biznesowych-w-zrownowazone-zielone-start-upy-rola-projektu-re-start\/","title":{"rendered":"Przekszta\u0142canie pomys\u0142\u00f3w biznesowych w zr\u00f3wnowa\u017cone zielone start-upy: Rola projektu Re-START"},"content":{"rendered":"\t\t<div data-elementor-type=\"wp-page\" data-elementor-id=\"3082\" class=\"elementor elementor-3082\">\n\t\t\t\t\t\t<section class=\"elementor-section elementor-top-section elementor-element elementor-element-eb8c013 elementor-section-boxed elementor-section-height-default elementor-section-height-default\" data-id=\"eb8c013\" data-element_type=\"section\" data-e-type=\"section\">\n\t\t\t\t\t\t<div class=\"elementor-container elementor-column-gap-default\">\n\t\t\t\t\t<div class=\"elementor-column elementor-col-100 elementor-top-column elementor-element elementor-element-d0f3f90\" data-id=\"d0f3f90\" data-element_type=\"column\" data-e-type=\"column\">\n\t\t\t<div class=\"elementor-widget-wrap\">\n\t\t\t\t\t\t\t<\/div>\n\t\t<\/div>\n\t\t\t\t\t<\/div>\n\t\t<\/section>\n\t\t\t\t<section class=\"elementor-section elementor-top-section elementor-element elementor-element-6e02bcc elementor-section-boxed elementor-section-height-default elementor-section-height-default\" data-id=\"6e02bcc\" data-element_type=\"section\" data-e-type=\"section\">\n\t\t\t\t\t\t<div class=\"elementor-container elementor-column-gap-default\">\n\t\t\t\t\t<div class=\"elementor-column elementor-col-100 elementor-top-column elementor-element elementor-element-f879169\" data-id=\"f879169\" data-element_type=\"column\" data-e-type=\"column\">\n\t\t\t<div class=\"elementor-widget-wrap\">\n\t\t\t\t\t\t\t<\/div>\n\t\t<\/div>\n\t\t\t\t\t<\/div>\n\t\t<\/section>\n\t\t\t\t<section class=\"elementor-section elementor-top-section elementor-element elementor-element-421ff1a elementor-section-boxed elementor-section-height-default elementor-section-height-default\" data-id=\"421ff1a\" data-element_type=\"section\" data-e-type=\"section\">\n\t\t\t\t\t\t<div class=\"elementor-container elementor-column-gap-default\">\n\t\t\t\t\t<div class=\"elementor-column elementor-col-100 elementor-top-column elementor-element elementor-element-b868052\" data-id=\"b868052\" data-element_type=\"column\" data-e-type=\"column\">\n\t\t\t<div class=\"elementor-widget-wrap\">\n\t\t\t\t\t\t\t<\/div>\n\t\t<\/div>\n\t\t\t\t\t<\/div>\n\t\t<\/section>\n\t\t\t\t<section class=\"elementor-section elementor-top-section elementor-element elementor-element-b9c2f33 elementor-section-boxed elementor-section-height-default elementor-section-height-default\" data-id=\"b9c2f33\" data-element_type=\"section\" data-e-type=\"section\" data-settings=\"{&quot;background_background&quot;:&quot;classic&quot;,&quot;shape_divider_bottom&quot;:&quot;curve&quot;,&quot;shape_divider_bottom_negative&quot;:&quot;yes&quot;}\">\n\t\t\t\t\t\t\t<div class=\"elementor-background-overlay\"><\/div>\n\t\t\t\t\t\t<div class=\"elementor-shape elementor-shape-bottom\" aria-hidden=\"true\" data-negative=\"true\">\n\t\t\t<svg xmlns=\"http:\/\/www.w3.org\/2000\/svg\" viewBox=\"0 0 1000 100\" preserveAspectRatio=\"none\">\n\t<path class=\"elementor-shape-fill\" d=\"M500,97C126.7,96.3,0.8,19.8,0,0v100l1000,0V1C1000,19.4,873.3,97.8,500,97z\"\/>\n<\/svg>\t\t<\/div>\n\t\t\t\t\t<div class=\"elementor-container elementor-column-gap-default\">\n\t\t\t\t\t<div class=\"elementor-column elementor-col-100 elementor-top-column elementor-element elementor-element-d6f9afe\" data-id=\"d6f9afe\" data-element_type=\"column\" data-e-type=\"column\">\n\t\t\t<div class=\"elementor-widget-wrap elementor-element-populated\">\n\t\t\t\t\t\t<div class=\"elementor-element elementor-element-9a0af7d elementor-widget elementor-widget-spacer\" data-id=\"9a0af7d\" data-element_type=\"widget\" data-e-type=\"widget\" data-widget_type=\"spacer.default\">\n\t\t\t\t<div class=\"elementor-widget-container\">\n\t\t\t\t\t\t\t<div class=\"elementor-spacer\">\n\t\t\t<div class=\"elementor-spacer-inner\"><\/div>\n\t\t<\/div>\n\t\t\t\t\t\t<\/div>\n\t\t\t\t<\/div>\n\t\t\t\t<div class=\"elementor-element elementor-element-3bd8e3c elementor-widget elementor-widget-heading\" data-id=\"3bd8e3c\" data-element_type=\"widget\" data-e-type=\"widget\" data-widget_type=\"heading.default\">\n\t\t\t\t<div class=\"elementor-widget-container\">\n\t\t\t\t\t<h2 class=\"elementor-heading-title elementor-size-default\">Przekszta\u0142canie pomys\u0142\u00f3w biznesowych w zr\u00f3wnowa\u017cone zielone start-upy: Rola projektu Re-START<\/h2>\t\t\t\t<\/div>\n\t\t\t\t<\/div>\n\t\t\t\t<div class=\"elementor-element elementor-element-e31fce4 elementor-widget elementor-widget-spacer\" data-id=\"e31fce4\" data-element_type=\"widget\" data-e-type=\"widget\" data-widget_type=\"spacer.default\">\n\t\t\t\t<div class=\"elementor-widget-container\">\n\t\t\t\t\t\t\t<div class=\"elementor-spacer\">\n\t\t\t<div class=\"elementor-spacer-inner\"><\/div>\n\t\t<\/div>\n\t\t\t\t\t\t<\/div>\n\t\t\t\t<\/div>\n\t\t\t\t\t<\/div>\n\t\t<\/div>\n\t\t\t\t\t<\/div>\n\t\t<\/section>\n\t\t\t\t<section class=\"elementor-section elementor-top-section elementor-element elementor-element-3d69247 elementor-section-boxed elementor-section-height-default elementor-section-height-default\" data-id=\"3d69247\" data-element_type=\"section\" data-e-type=\"section\">\n\t\t\t\t\t\t<div class=\"elementor-container elementor-column-gap-default\">\n\t\t\t\t\t<div class=\"elementor-column elementor-col-100 elementor-top-column elementor-element elementor-element-75f11ce\" data-id=\"75f11ce\" data-element_type=\"column\" data-e-type=\"column\">\n\t\t\t<div class=\"elementor-widget-wrap elementor-element-populated\">\n\t\t\t\t\t\t<div class=\"elementor-element elementor-element-d0e0446 elementor-widget elementor-widget-spacer\" data-id=\"d0e0446\" data-element_type=\"widget\" data-e-type=\"widget\" data-widget_type=\"spacer.default\">\n\t\t\t\t<div class=\"elementor-widget-container\">\n\t\t\t\t\t\t\t<div class=\"elementor-spacer\">\n\t\t\t<div class=\"elementor-spacer-inner\"><\/div>\n\t\t<\/div>\n\t\t\t\t\t\t<\/div>\n\t\t\t\t<\/div>\n\t\t\t\t<div class=\"elementor-element elementor-element-b9d9251 elementor-widget elementor-widget-text-editor\" data-id=\"b9d9251\" data-element_type=\"widget\" data-e-type=\"widget\" data-widget_type=\"text-editor.default\">\n\t\t\t\t<div class=\"elementor-widget-container\">\n\t\t\t\t\t\t\t\t\t<p>02.14.2023<\/p><p><span style=\"font-weight: 400;\">Poniewa\u017c \u015bwiat stoi w obliczu rosn\u0105cych obaw zwi\u0105zanych ze zmianami klimatu i degradacj\u0105 \u015brodowiska, zielone start-upy pojawiaj\u0105 si\u0119 jako obiecuj\u0105ce rozwi\u0105zanie tych problem\u00f3w. Te innowacyjne przedsi\u0119biorstwa koncentruj\u0105 si\u0119 na opracowywaniu zr\u00f3wnowa\u017conych i przyjaznych dla \u015brodowiska produkt\u00f3w i us\u0142ug oraz odgrywaj\u0105 kluczow\u0105 rol\u0119 w przechodzeniu na bardziej ekologiczn\u0105 gospodark\u0119. Za\u0142o\u017cenie zielonego start-upu mo\u017ce jednak wydawa\u0107 si\u0119 zniech\u0119caj\u0105ce, ale nie r\u00f3\u017cni si\u0119 zbytnio od zak\u0142adania jakiegokolwiek innego rodzaju dzia\u0142alno\u015bci. Istniej\u0105 pewne niezb\u0119dne kroki, kt\u00f3re nale\u017cy podj\u0105\u0107, a przedsi\u0119biorcy musz\u0105 by\u0107 kreatywni i innowacyjni, jednocze\u015bnie koncentruj\u0105c si\u0119 na zr\u00f3wnowa\u017conym rozwoju.<\/span><span style=\"font-weight: 400;\"><br \/><\/span><span style=\"font-weight: 400;\"><br \/><\/span><span style=\"font-weight: 400;\">Pierwszym krokiem do za\u0142o\u017cenia zielonego start-upu jest zidentyfikowanie problemu \u015brodowiskowego lub spo\u0142ecznego, kt\u00f3ry wymaga rozwi\u0105zania. Problem ten powinien by\u0107 zwi\u0105zany ze zr\u00f3wnowa\u017conym rozwojem, a jego rozwi\u0105zanie powinno mie\u0107 pozytywny wp\u0142yw na spo\u0142eczno\u015b\u0107. Po zidentyfikowaniu problemu, przedsi\u0119biorcy mog\u0105 rozpocz\u0105\u0107 burz\u0119 m\u00f3zg\u00f3w nad innowacyjnymi rozwi\u0105zaniami, kt\u00f3re s\u0105 zr\u00f3wnowa\u017cone i przyjazne dla \u015brodowiska. Rozwi\u0105zania te powinny by\u0107 realistyczne i skuteczne oraz powinny wype\u0142nia\u0107 luk\u0119 na rynku. Nast\u0119pnie przedsi\u0119biorcy powinni przeprowadzi\u0107 badania rynku w celu zidentyfikowania potencjalnych klient\u00f3w, konkurent\u00f3w i trend\u00f3w rynkowych. Badania te pomog\u0105 przedsi\u0119biorcom zrozumie\u0107 rynek i stworzy\u0107 realny biznesplan. <\/span><span style=\"font-weight: 400;\"><br \/><\/span><span style=\"font-weight: 400;\"><br \/><\/span><span style=\"font-weight: 400;\">W ramach projektu Re-start uznano znaczenie zielonych start-up\u00f3w i opracowano modu\u0142y szkoleniowe, aby pom\u00f3c przedsi\u0119biorcom przekszta\u0142ci\u0107 ich pomys\u0142y biznesowe w realne zielone start-upy. Mi\u0119dzynarodowe spotkanie projektowe i dzia\u0142ania szkoleniowe, kt\u00f3re odby\u0142y si\u0119 w Rzeszowie w dniach 12-14.12.2022, odegra\u0142y kluczow\u0105 rol\u0119 w opracowaniu tych modu\u0142\u00f3w szkoleniowych. Modu\u0142y te zapewniaj\u0105 przedsi\u0119biorcom umiej\u0119tno\u015bci i wiedz\u0119 niezb\u0119dne do rozwoju udanego zielonego start-upu. Modu\u0142y obejmuj\u0105 takie tematy, jak gospodarka o obiegu zamkni\u0119tym, zr\u00f3wnowa\u017cone modele biznesowe i zielone finansowanie.<\/span><span style=\"font-weight: 400;\"><br \/><\/span><span style=\"font-weight: 400;\"><br \/><\/span><span style=\"font-weight: 400;\">Podsumowuj\u0105c, zielone start-upy staj\u0105 si\u0119 coraz bardziej popularne, poniewa\u017c \u015bwiat staje si\u0119 bardziej \u015bwiadomy wp\u0142ywu zmian klimatycznych i degradacji \u015brodowiska. Te start-upy odgrywaj\u0105 kluczow\u0105 rol\u0119 w przej\u015bciu na zielon\u0105 gospodark\u0119. Projekt Restart dostrzeg\u0142 znaczenie zielonych start-up\u00f3w i opracowa\u0142 modu\u0142y szkoleniowe, aby pom\u00f3c przedsi\u0119biorcom przekszta\u0142ci\u0107 ich pomys\u0142y biznesowe w realne zielone start-upy. Zielone start-upy staj\u0105 si\u0119 obiecuj\u0105cym rozwi\u0105zaniem w walce ze zmianami klimatu i degradacj\u0105 \u015brodowiska. Przedsi\u0119biorcy musz\u0105 wykona\u0107 kilka niezb\u0119dnych krok\u00f3w, takich jak zidentyfikowanie problemu zwi\u0105zanego ze zr\u00f3wnowa\u017conym rozwojem, zbudowanie zespo\u0142u, opracowanie zr\u00f3wnowa\u017conego rozwi\u0105zania, zabezpieczenie finansowania i stworzenie strategii marketingowej. Skupiaj\u0105c si\u0119 na zr\u00f3wnowa\u017conym rozwoju, przyjazno\u015bci dla \u015brodowiska i innowacyjno\u015bci, zielone start-upy mog\u0105 mie\u0107 znacz\u0105cy wp\u0142yw na \u015brodowisko i spo\u0142eczno\u015b\u0107, a jednocze\u015bnie przynosi\u0107 zyski i odnosi\u0107 sukcesy.<\/span><span style=\"font-weight: 400;\"><br \/><br \/><\/span><\/p>\t\t\t\t\t\t\t\t<\/div>\n\t\t\t\t<\/div>\n\t\t\t\t<div class=\"elementor-element elementor-element-bb8cdba elementor-widget elementor-widget-spacer\" data-id=\"bb8cdba\" data-element_type=\"widget\" data-e-type=\"widget\" data-widget_type=\"spacer.default\">\n\t\t\t\t<div class=\"elementor-widget-container\">\n\t\t\t\t\t\t\t<div class=\"elementor-spacer\">\n\t\t\t<div class=\"elementor-spacer-inner\"><\/div>\n\t\t<\/div>\n\t\t\t\t\t\t<\/div>\n\t\t\t\t<\/div>\n\t\t\t\t\t<\/div>\n\t\t<\/div>\n\t\t\t\t\t<\/div>\n\t\t<\/section>\n\t\t\t\t<section class=\"elementor-section elementor-top-section elementor-element elementor-element-7ab20eb elementor-section-boxed elementor-section-height-default elementor-section-height-default\" data-id=\"7ab20eb\" data-element_type=\"section\" data-e-type=\"section\" data-settings=\"{&quot;background_background&quot;:&quot;classic&quot;}\">\n\t\t\t\t\t\t<div class=\"elementor-container elementor-column-gap-default\">\n\t\t\t\t\t<div class=\"elementor-column elementor-col-33 elementor-top-column elementor-element elementor-element-68288b5\" data-id=\"68288b5\" data-element_type=\"column\" data-e-type=\"column\">\n\t\t\t<div class=\"elementor-widget-wrap elementor-element-populated\">\n\t\t\t\t\t\t<div class=\"elementor-element elementor-element-e95d35f elementor-widget elementor-widget-spacer\" data-id=\"e95d35f\" data-element_type=\"widget\" data-e-type=\"widget\" data-widget_type=\"spacer.default\">\n\t\t\t\t<div class=\"elementor-widget-container\">\n\t\t\t\t\t\t\t<div class=\"elementor-spacer\">\n\t\t\t<div class=\"elementor-spacer-inner\"><\/div>\n\t\t<\/div>\n\t\t\t\t\t\t<\/div>\n\t\t\t\t<\/div>\n\t\t\t\t<div class=\"elementor-element elementor-element-cea73c5 elementor-widget elementor-widget-image\" data-id=\"cea73c5\" data-element_type=\"widget\" data-e-type=\"widget\" data-widget_type=\"image.default\">\n\t\t\t\t<div class=\"elementor-widget-container\">\n\t\t\t\t\t\t\t\t\t\t\t\t\t\t\t<img decoding=\"async\" width=\"300\" height=\"63\" src=\"https:\/\/project-restart.eu\/wp-content\/uploads\/2023\/04\/EN_Co-funded_by_the_EU-transparent-300x63.png\" class=\"attachment-medium size-medium wp-image-2131\" alt=\"\" srcset=\"https:\/\/project-restart.eu\/wp-content\/uploads\/2023\/04\/EN_Co-funded_by_the_EU-transparent-300x63.png 300w, https:\/\/project-restart.eu\/wp-content\/uploads\/2023\/04\/EN_Co-funded_by_the_EU-transparent-768x161.png 768w, https:\/\/project-restart.eu\/wp-content\/uploads\/2023\/04\/EN_Co-funded_by_the_EU-transparent-720x151.png 720w, https:\/\/project-restart.eu\/wp-content\/uploads\/2023\/04\/EN_Co-funded_by_the_EU-transparent.png 1024w\" sizes=\"(max-width: 300px) 100vw, 300px\" \/>\t\t\t\t\t\t\t\t\t\t\t\t\t\t\t<\/div>\n\t\t\t\t<\/div>\n\t\t\t\t<div class=\"elementor-element elementor-element-5871968 elementor-widget elementor-widget-text-editor\" data-id=\"5871968\" data-element_type=\"widget\" data-e-type=\"widget\" data-widget_type=\"text-editor.default\">\n\t\t\t\t<div class=\"elementor-widget-container\">\n\t\t\t\t\t\t\t\t\t<p>Sfinansowane ze \u015brodk\u00f3w UE. Wyra\u017cone pogl\u0105dy i opinie s\u0105 jedynie opiniami autora lub autor\u00f3w i niekoniecznie odzwierciedlaj\u0105 pogl\u0105dy i opinie Unii Europejskiej lub European Commission. Unia Europejska ani European Commission nie ponosz\u0105 za nie odpowiedzialno\u015bci. 2021-1-CY01-KA220-HED-000032155<\/p>\t\t\t\t\t\t\t\t<\/div>\n\t\t\t\t<\/div>\n\t\t\t\t\t<\/div>\n\t\t<\/div>\n\t\t\t\t<div class=\"elementor-column elementor-col-33 elementor-top-column elementor-element elementor-element-4cc7961\" data-id=\"4cc7961\" data-element_type=\"column\" data-e-type=\"column\">\n\t\t\t<div class=\"elementor-widget-wrap\">\n\t\t\t\t\t\t\t<\/div>\n\t\t<\/div>\n\t\t\t\t<div class=\"elementor-column elementor-col-33 elementor-top-column elementor-element elementor-element-8948cf5\" data-id=\"8948cf5\" data-element_type=\"column\" data-e-type=\"column\">\n\t\t\t<div class=\"elementor-widget-wrap elementor-element-populated\">\n\t\t\t\t\t\t<div class=\"elementor-element elementor-element-3c016df elementor-widget elementor-widget-spacer\" data-id=\"3c016df\" data-element_type=\"widget\" data-e-type=\"widget\" data-widget_type=\"spacer.default\">\n\t\t\t\t<div class=\"elementor-widget-container\">\n\t\t\t\t\t\t\t<div class=\"elementor-spacer\">\n\t\t\t<div class=\"elementor-spacer-inner\"><\/div>\n\t\t<\/div>\n\t\t\t\t\t\t<\/div>\n\t\t\t\t<\/div>\n\t\t\t\t<div class=\"elementor-element elementor-element-09b6e77 elementor-widget elementor-widget-image\" data-id=\"09b6e77\" data-element_type=\"widget\" data-e-type=\"widget\" data-widget_type=\"image.default\">\n\t\t\t\t<div class=\"elementor-widget-container\">\n\t\t\t\t\t\t\t\t\t\t\t\t\t\t\t\t<a href=\"http:\/\/project-restart.eu\/\">\n\t\t\t\t\t\t\t<img decoding=\"async\" src=\"https:\/\/project-restart.eu\/wp-content\/uploads\/elementor\/thumbs\/restart-logo-xxsmall-pkhy5rhrgfd0krzoc6mvap6e4z5397771jev2x1zvs.png\" title=\"restart logo xxsmall\" alt=\"restart logo xxsmall\" loading=\"lazy\" \/>\t\t\t\t\t\t\t\t<\/a>\n\t\t\t\t\t\t\t\t\t\t\t\t\t\t\t<\/div>\n\t\t\t\t<\/div>\n\t\t\t\t<div class=\"elementor-element elementor-element-9622d14 elementor-widget elementor-widget-text-editor\" data-id=\"9622d14\" data-element_type=\"widget\" data-e-type=\"widget\" data-widget_type=\"text-editor.default\">\n\t\t\t\t<div class=\"elementor-widget-container\">\n\t\t\t\t\t\t\t\t\t<a style=\"color: white;\" href=\"http:\/\/project-restart.eu\/index.php\/terms-of-use\/\" target=\"_blank\" rel=\"noopener\">Terms of Use<\/a>\t\t\t\t\t\t\t\t<\/div>\n\t\t\t\t<\/div>\n\t\t\t\t<div class=\"elementor-element elementor-element-7da409c elementor-shape-circle e-grid-align-right elementor-grid-0 elementor-widget elementor-widget-social-icons\" data-id=\"7da409c\" data-element_type=\"widget\" data-e-type=\"widget\" data-widget_type=\"social-icons.default\">\n\t\t\t\t<div class=\"elementor-widget-container\">\n\t\t\t\t\t\t\t<div class=\"elementor-social-icons-wrapper elementor-grid\" role=\"list\">\n\t\t\t\t\t\t\t<span class=\"elementor-grid-item\" role=\"listitem\">\n\t\t\t\t\t<a class=\"elementor-icon elementor-social-icon elementor-social-icon-facebook elementor-animation-shrink elementor-repeater-item-2abba4d\" href=\"https:\/\/www.facebook.com\/restartprojecteu\/\" target=\"_blank\">\n\t\t\t\t\t\t<span class=\"elementor-screen-only\">Facebook<\/span>\n\t\t\t\t\t\t<i aria-hidden=\"true\" class=\"fab fa-facebook\"><\/i>\t\t\t\t\t<\/a>\n\t\t\t\t<\/span>\n\t\t\t\t\t\t\t<span class=\"elementor-grid-item\" role=\"listitem\">\n\t\t\t\t\t<a class=\"elementor-icon elementor-social-icon elementor-social-icon-twitter elementor-animation-shrink elementor-repeater-item-d6da5c0\" href=\"https:\/\/twitter.com\/RESTARTPROJECT3\" target=\"_blank\">\n\t\t\t\t\t\t<span class=\"elementor-screen-only\">Twitter<\/span>\n\t\t\t\t\t\t<i aria-hidden=\"true\" class=\"fab fa-twitter\"><\/i>\t\t\t\t\t<\/a>\n\t\t\t\t<\/span>\n\t\t\t\t\t\t\t<span class=\"elementor-grid-item\" role=\"listitem\">\n\t\t\t\t\t<a class=\"elementor-icon elementor-social-icon elementor-social-icon-linkedin-in elementor-animation-shrink elementor-repeater-item-bfef515\" href=\"https:\/\/www.linkedin.com\/company\/82385956\/admin\/\" target=\"_blank\">\n\t\t\t\t\t\t<span class=\"elementor-screen-only\">Linkedin-in<\/span>\n\t\t\t\t\t\t<i aria-hidden=\"true\" class=\"fab fa-linkedin-in\"><\/i>\t\t\t\t\t<\/a>\n\t\t\t\t<\/span>\n\t\t\t\t\t\t\t<span class=\"elementor-grid-item\" role=\"listitem\">\n\t\t\t\t\t<a class=\"elementor-icon elementor-social-icon elementor-social-icon-youtube elementor-animation-shrink elementor-repeater-item-66d1f08\" href=\"https:\/\/www.youtube.com\/channel\/UCsg59Xx71UnagqYuhgFcFHQ\" target=\"_blank\">\n\t\t\t\t\t\t<span class=\"elementor-screen-only\">Youtube<\/span>\n\t\t\t\t\t\t<i aria-hidden=\"true\" class=\"fab fa-youtube\"><\/i>\t\t\t\t\t<\/a>\n\t\t\t\t<\/span>\n\t\t\t\t\t<\/div>\n\t\t\t\t\t\t<\/div>\n\t\t\t\t<\/div>\n\t\t\t\t\t<\/div>\n\t\t<\/div>\n\t\t\t\t\t<\/div>\n\t\t<\/section>\n\t\t\t\t<section class=\"elementor-section elementor-top-section elementor-element elementor-element-0bee92a elementor-section-boxed elementor-section-height-default elementor-section-height-default\" data-id=\"0bee92a\" data-element_type=\"section\" data-e-type=\"section\" data-settings=\"{&quot;background_background&quot;:&quot;classic&quot;}\">\n\t\t\t\t\t\t<div class=\"elementor-container elementor-column-gap-default\">\n\t\t\t\t\t<div class=\"elementor-column elementor-col-100 elementor-top-column elementor-element elementor-element-b2dc666\" data-id=\"b2dc666\" data-element_type=\"column\" data-e-type=\"column\">\n\t\t\t<div class=\"elementor-widget-wrap elementor-element-populated\">\n\t\t\t\t\t\t<div class=\"elementor-element elementor-element-51b5fbd elementor-widget-divider--view-line elementor-widget elementor-widget-divider\" data-id=\"51b5fbd\" data-element_type=\"widget\" data-e-type=\"widget\" data-widget_type=\"divider.default\">\n\t\t\t\t<div class=\"elementor-widget-container\">\n\t\t\t\t\t\t\t<div class=\"elementor-divider\">\n\t\t\t<span class=\"elementor-divider-separator\">\n\t\t\t\t\t\t<\/span>\n\t\t<\/div>\n\t\t\t\t\t\t<\/div>\n\t\t\t\t<\/div>\n\t\t\t\t\t<\/div>\n\t\t<\/div>\n\t\t\t\t\t<\/div>\n\t\t<\/section>\n\t\t\t\t<section class=\"elementor-section elementor-top-section elementor-element elementor-element-3ddedae elementor-section-boxed elementor-section-height-default elementor-section-height-default\" data-id=\"3ddedae\" data-element_type=\"section\" data-e-type=\"section\" data-settings=\"{&quot;background_background&quot;:&quot;classic&quot;}\">\n\t\t\t\t\t\t<div class=\"elementor-container elementor-column-gap-default\">\n\t\t\t\t\t<div class=\"elementor-column elementor-col-33 elementor-top-column elementor-element elementor-element-cfd4ddd\" data-id=\"cfd4ddd\" data-element_type=\"column\" data-e-type=\"column\">\n\t\t\t<div class=\"elementor-widget-wrap elementor-element-populated\">\n\t\t\t\t\t\t<div class=\"elementor-element elementor-element-7186370 elementor-widget elementor-widget-text-editor\" data-id=\"7186370\" data-element_type=\"widget\" data-e-type=\"widget\" data-widget_type=\"text-editor.default\">\n\t\t\t\t<div class=\"elementor-widget-container\">\n\t\t\t\t\t\t\t\t\t<p>Copyright \u00a9 2022 RE-START. All Rights Reserved<\/p>\t\t\t\t\t\t\t\t<\/div>\n\t\t\t\t<\/div>\n\t\t\t\t\t<\/div>\n\t\t<\/div>\n\t\t\t\t<div class=\"elementor-column elementor-col-33 elementor-top-column elementor-element elementor-element-684989a\" data-id=\"684989a\" data-element_type=\"column\" data-e-type=\"column\">\n\t\t\t<div class=\"elementor-widget-wrap\">\n\t\t\t\t\t\t\t<\/div>\n\t\t<\/div>\n\t\t\t\t<div class=\"elementor-column elementor-col-33 elementor-top-column elementor-element elementor-element-d17ae39\" data-id=\"d17ae39\" data-element_type=\"column\" data-e-type=\"column\">\n\t\t\t<div class=\"elementor-widget-wrap elementor-element-populated\">\n\t\t\t\t\t\t<div class=\"elementor-element elementor-element-1bb3234 elementor-widget elementor-widget-text-editor\" data-id=\"1bb3234\" data-element_type=\"widget\" data-e-type=\"widget\" data-widget_type=\"text-editor.default\">\n\t\t\t\t<div class=\"elementor-widget-container\">\n\t\t\t\t\t\t\t\t\t<span style=\"color: white; font-size: 16px; text-align: left;\">Powered by\u00a0<\/span><a style=\"color: white; background-color: black; font-size: 16px; text-align: left;\" href=\"https:\/\/innovationhive.eu\/\" target=\"_blank\" rel=\"noopener\">Innovation Hive<\/a>\t\t\t\t\t\t\t\t<\/div>\n\t\t\t\t<\/div>\n\t\t\t\t\t<\/div>\n\t\t<\/div>\n\t\t\t\t\t<\/div>\n\t\t<\/section>\n\t\t\t\t<\/div>\n\t\t","protected":false},"excerpt":{"rendered":"<p>Przekszta\u0142canie pomys\u0142\u00f3w biznesowych w zr\u00f3wnowa\u017cone zielone start-upy: Rola projektu Re-START 02.14.2023 Poniewa\u017c \u015bwiat stoi w obliczu rosn\u0105cych obaw zwi\u0105zanych ze [&hellip;]<\/p>\n","protected":false},"author":1,"featured_media":0,"parent":0,"menu_order":0,"comment_status":"closed","ping_status":"closed","template":"page-templates\/template_page-builder.php","meta":{"_monsterinsights_skip_tracking":false,"_monsterinsights_sitenote_active":false,"_monsterinsights_sitenote_note":"","_monsterinsights_sitenote_category":0,"footnotes":""},"class_list":["post-3082","page","type-page","status-publish","hentry"],"aioseo_notices":[],"_links":{"self":[{"href":"https:\/\/project-restart.eu\/index.php\/wp-json\/wp\/v2\/pages\/3082","targetHints":{"allow":["GET"]}}],"collection":[{"href":"https:\/\/project-restart.eu\/index.php\/wp-json\/wp\/v2\/pages"}],"about":[{"href":"https:\/\/project-restart.eu\/index.php\/wp-json\/wp\/v2\/types\/page"}],"author":[{"embeddable":true,"href":"https:\/\/project-restart.eu\/index.php\/wp-json\/wp\/v2\/users\/1"}],"replies":[{"embeddable":true,"href":"https:\/\/project-restart.eu\/index.php\/wp-json\/wp\/v2\/comments?post=3082"}],"version-history":[{"count":7,"href":"https:\/\/project-restart.eu\/index.php\/wp-json\/wp\/v2\/pages\/3082\/revisions"}],"predecessor-version":[{"id":3602,"href":"https:\/\/project-restart.eu\/index.php\/wp-json\/wp\/v2\/pages\/3082\/revisions\/3602"}],"wp:attachment":[{"href":"https:\/\/project-restart.eu\/index.php\/wp-json\/wp\/v2\/media?parent=3082"}],"curies":[{"name":"wp","href":"https:\/\/api.w.org\/{rel}","templated":true}]}}